{"id":1079,"date":"2020-11-12T12:00:51","date_gmt":"2020-11-12T11:00:51","guid":{"rendered":"https:\/\/www.lestalenslyriques.com\/galerie\/"},"modified":"2025-06-20T13:31:11","modified_gmt":"2025-06-20T11:31:11","slug":"galerie","status":"publish","type":"page","link":"https:\/\/www.lestalenslyriques.com\/en\/galerie\/","title":{"rendered":"Gallery"},"content":{"rendered":"<div class=\"wpb-content-wrapper\"><p>[vc_row][vc_column]<div class=\"twBlock twArticles \" id=\"7a04da05-1621-453a-9975-7a44316836f0\">\r\n\t\t\t\t\t<form class=\"formAjax\" action=\"\" method=\"POST\">\r\n\t\t\t<label>Talens Lyriques' medias<\/label>\r\n\t\t\t<div class=\"form-group mt-3 mt-md-0\">\r\n\t\t\t\t<button class=\"btn btnSearch\" type=\"submit\"><\/button>\r\n\t\t\t\t<input type=\"text\" class=\"form-control\" name=\"s\" placeholder=\"Search...\"\/>\r\n\t\t\t<\/div>\r\n\t\t\t<input type=\"hidden\" name=\"action\" value=\"search_article\"\/>\r\n\t\t\t<input type=\"hidden\" name=\"limit\" value=\"-1\"\/>\r\n\t\t\t<input type=\"hidden\" id=\"_wpnonce\" name=\"_wpnonce\" value=\"b499e75b43\" \/><input type=\"hidden\" name=\"_wp_http_referer\" value=\"\/en\/wp-json\/wp\/v2\/pages\/1079\" \/>\t\t<\/form>\r\n\t\t\r\n\t\t<div class=\"list\">\r\n\t\t\t<div class=\"row\">\r\n\t\t\t\t\t<div class=\"col-12 col-md-6\">\t\t<div class=\"itemArticle boxRadius20 twAnimate\">\r\n\t\t\t<a href=\"javascript:void(0)\"   data-type=\"photo\" data-id=\"7993\"><\/a>\r\n\t\t\t<div class=\"thumb twAnimate\">\r\n\t\t\t\t<img loading=\"lazy\" decoding=\"async\" src=\"https:\/\/www.lestalenslyriques.com\/wp-content\/uploads\/2026\/02\/2025_12_09_Atelier_Ecole-Jean-Lurcat\u00a9Les-Talens-Lyriques_Nadege-Le-Lezec_06-copie-scaled-590x315.jpg\" class=\"img-fluid\" alt=\"2025_12_09_Atelier_Ecole Jean Lurcat\u00a9Les Talens Lyriques_Nad\u00e8ge Le Lezec_06 copie\" width=\"590\" height=\"315\" data-rjs=\"2\"\/>\t\t\t<\/div>\r\n\t\t\t<div class=\"blockContent\">\r\n\t\t\t\t<div class=\"twSubTitle\">VIEW THE ALBUM<\/div>\r\n<h3 class=\"twTitle h3\">\r\n\tLes Talens at Jean Lur\u00e7at School in Valenton (2025)<\/h3>\r\n\r\n\t\t\t\t<div class=\"iconDate\">\r\n\t\t\t\t\t<i class=\"fal fa-calendar-alt\"><\/i> 20 February 2026\t\t\t\t<\/div>\r\n\t\t\t<\/div>\r\n\t\t<\/div>\r\n\t<\/div>\t<div class=\"col-12 col-md-6\">\t\t<div class=\"itemArticle boxRadius20 twAnimate\">\r\n\t\t\t<a href=\"javascript:void(0)\"   data-type=\"photo\" data-id=\"7300\"><\/a>\r\n\t\t\t<div class=\"thumb twAnimate\">\r\n\t\t\t\t<img loading=\"lazy\" decoding=\"async\" src=\"https:\/\/www.lestalenslyriques.com\/wp-content\/uploads\/2025\/06\/DSC9282-scaled-1-590x315.png\" class=\"img-fluid\" alt=\"DSC9282-scaled\" width=\"590\" height=\"315\" data-rjs=\"2\"\/>\t\t\t<\/div>\r\n\t\t\t<div class=\"blockContent\">\r\n\t\t\t\t<div class=\"twSubTitle\">VIEW THE ALBUM<\/div>\r\n<h3 class=\"twTitle h3\">\r\n\tMitridate, Re di Ponto 2025<\/h3>\r\n\r\n\t\t\t\t<div class=\"iconDate\">\r\n\t\t\t\t\t<i class=\"fal fa-calendar-alt\"><\/i> 1 June 2025\t\t\t\t<\/div>\r\n\t\t\t<\/div>\r\n\t\t<\/div>\r\n\t<\/div>\t<div class=\"col-12 col-md-6\">\t\t<div class=\"itemArticle boxRadius20 twAnimate\">\r\n\t\t\t<a href=\"javascript:void(0)\"   data-type=\"photo\" data-id=\"7302\"><\/a>\r\n\t\t\t<div class=\"thumb twAnimate\">\r\n\t\t\t\t<img loading=\"lazy\" decoding=\"async\" src=\"https:\/\/www.lestalenslyriques.com\/wp-content\/uploads\/2025\/05\/IMG_6885-scaled-590x315.jpg\" class=\"img-fluid\" alt=\"IMG_6885\" width=\"590\" height=\"315\" data-rjs=\"2\"\/>\t\t\t<\/div>\r\n\t\t\t<div class=\"blockContent\">\r\n\t\t\t\t<div class=\"twSubTitle\">VIEW THE ALBUM<\/div>\r\n<h3 class=\"twTitle h3\">\r\n\tMusique at hospital 2024-2025<\/h3>\r\n\r\n\t\t\t\t<div class=\"iconDate\">\r\n\t\t\t\t\t<i class=\"fal fa-calendar-alt\"><\/i> 30 May 2025\t\t\t\t<\/div>\r\n\t\t\t<\/div>\r\n\t\t<\/div>\r\n\t<\/div>\t<div class=\"col-12 col-md-6\">\t\t<div class=\"itemArticle boxRadius20 twAnimate\">\r\n\t\t\t<a href=\"javascript:void(0)\"   data-type=\"photo\" data-id=\"7305\"><\/a>\r\n\t\t\t<div class=\"thumb twAnimate\">\r\n\t\t\t\t<img loading=\"lazy\" decoding=\"async\" src=\"https:\/\/www.lestalenslyriques.com\/wp-content\/uploads\/2025\/06\/\u00a9Gil_Lefauconnier_Talens_Lyriques_3-scaled-590x315.jpg\" class=\"img-fluid\" alt=\"Talens Lyrique, Lyc\u00e9e Guillaume Apolinaire, Thiais, Dec 2024.\" width=\"590\" height=\"315\" data-rjs=\"2\"\/>\t\t\t<\/div>\r\n\t\t\t<div class=\"blockContent\">\r\n\t\t\t\t<div class=\"twSubTitle\">VIEW THE ALBUM<\/div>\r\n<h3 class=\"twTitle h3\">\r\n\tOrchestra class 2024-2025<\/h3>\r\n\r\n\t\t\t\t<div class=\"iconDate\">\r\n\t\t\t\t\t<i class=\"fal fa-calendar-alt\"><\/i> 26 May 2025\t\t\t\t<\/div>\r\n\t\t\t<\/div>\r\n\t\t<\/div>\r\n\t<\/div>\t<div class=\"col-12 col-md-6\">\t\t<div class=\"itemArticle boxRadius20 twAnimate\">\r\n\t\t\t<a href=\"javascript:void(0)\"   data-type=\"photo\" data-id=\"7308\"><\/a>\r\n\t\t\t<div class=\"thumb twAnimate\">\r\n\t\t\t\t<img loading=\"lazy\" decoding=\"async\" src=\"https:\/\/www.lestalenslyriques.com\/wp-content\/uploads\/2025\/06\/TALENS-CHATENAY-105-scaled-590x315.jpg\" class=\"img-fluid\" alt=\"Coll\u00e8ge L\u00e9onar de Vinci, Chatenay Malabry, Talens Lyrique, Atelier-concert.\" width=\"590\" height=\"315\" data-rjs=\"2\"\/>\t\t\t<\/div>\r\n\t\t\t<div class=\"blockContent\">\r\n\t\t\t\t<div class=\"twSubTitle\">VIEW THE ALBUM<\/div>\r\n<h3 class=\"twTitle h3\">\r\n\tConcerts in class 2024-2025<\/h3>\r\n\r\n\t\t\t\t<div class=\"iconDate\">\r\n\t\t\t\t\t<i class=\"fal fa-calendar-alt\"><\/i> 25 May 2025\t\t\t\t<\/div>\r\n\t\t\t<\/div>\r\n\t\t<\/div>\r\n\t<\/div>\t<div class=\"col-12 col-md-6\">\t\t<div class=\"itemArticle boxRadius20 twAnimate\">\r\n\t\t\t<a href=\"javascript:void(0)\"   data-type=\"photo\" data-id=\"7311\"><\/a>\r\n\t\t\t<div class=\"thumb twAnimate\">\r\n\t\t\t\t<img loading=\"lazy\" decoding=\"async\" src=\"https:\/\/www.lestalenslyriques.com\/wp-content\/uploads\/2025\/06\/cLTL_cello-scaled-590x315.jpeg\" class=\"img-fluid\" alt=\"(c)LTL_cello\" width=\"590\" height=\"315\" data-rjs=\"2\"\/>\t\t\t<\/div>\r\n\t\t\t<div class=\"blockContent\">\r\n\t\t\t\t<div class=\"twSubTitle\">VIEW THE ALBUM<\/div>\r\n<h3 class=\"twTitle h3\">\r\n\tInstruments presentations 2024-2025<\/h3>\r\n\r\n\t\t\t\t<div class=\"iconDate\">\r\n\t\t\t\t\t<i class=\"fal fa-calendar-alt\"><\/i> 24 May 2025\t\t\t\t<\/div>\r\n\t\t\t<\/div>\r\n\t\t<\/div>\r\n\t<\/div>\t<div class=\"col-12 col-md-6\">\t\t<div class=\"itemArticle boxRadius20 twAnimate\">\r\n\t\t\t<a href=\"javascript:void(0)\"   data-type=\"photo\" data-id=\"7314\"><\/a>\r\n\t\t\t<div class=\"thumb twAnimate\">\r\n\t\t\t\t<img loading=\"lazy\" decoding=\"async\" src=\"https:\/\/www.lestalenslyriques.com\/wp-content\/uploads\/2025\/06\/25CD0420FDP_3306-scaled-1-590x315.jpg\" class=\"img-fluid\" alt=\"25CD0420FDP_3306-scaled\" width=\"590\" height=\"315\" data-rjs=\"2\"\/>\t\t\t<\/div>\r\n\t\t\t<div class=\"blockContent\">\r\n\t\t\t\t<div class=\"twSubTitle\">VIEW THE ALBUM<\/div>\r\n<h3 class=\"twTitle h3\">\r\n\tBach's Easter Oratorio 2025<\/h3>\r\n\r\n\t\t\t\t<div class=\"iconDate\">\r\n\t\t\t\t\t<i class=\"fal fa-calendar-alt\"><\/i> 16 April 2025\t\t\t\t<\/div>\r\n\t\t\t<\/div>\r\n\t\t<\/div>\r\n\t<\/div>\t<div class=\"col-12 col-md-6\">\t\t<div class=\"itemArticle boxRadius20 twAnimate\">\r\n\t\t\t<a href=\"javascript:void(0)\"   data-type=\"photo\" data-id=\"7317\"><\/a>\r\n\t\t\t<div class=\"thumb twAnimate\">\r\n\t\t\t\t<img loading=\"lazy\" decoding=\"async\" src=\"https:\/\/www.lestalenslyriques.com\/wp-content\/uploads\/2025\/06\/1.-Orlando-Theatre-du-Chatelet-\u00a9-Thomas-Amouroux-scaled-1-590x315.jpg\" class=\"img-fluid\" alt=\"1.-Orlando-Theatre-du-Chatelet-\u00a9-Thomas-Amouroux-scaled\" width=\"590\" height=\"315\" data-rjs=\"2\"\/>\t\t\t<\/div>\r\n\t\t\t<div class=\"blockContent\">\r\n\t\t\t\t<div class=\"twSubTitle\">VIEW THE ALBUM<\/div>\r\n<h3 class=\"twTitle h3\">\r\n\tOrlando 2025<\/h3>\r\n\r\n\t\t\t\t<div class=\"iconDate\">\r\n\t\t\t\t\t<i class=\"fal fa-calendar-alt\"><\/i> 20 February 2025\t\t\t\t<\/div>\r\n\t\t\t<\/div>\r\n\t\t<\/div>\r\n\t<\/div>\t<div class=\"col-12 col-md-6\">\t\t<div class=\"itemArticle boxRadius20 twAnimate\">\r\n\t\t\t<a href=\"javascript:void(0)\"   data-type=\"photo\" data-id=\"7319\"><\/a>\r\n\t\t\t<div class=\"thumb twAnimate\">\r\n\t\t\t\t<img loading=\"lazy\" decoding=\"async\" src=\"https:\/\/www.lestalenslyriques.com\/wp-content\/uploads\/2025\/06\/Residence-pedagogique-2023-590x315.jpg\" class=\"img-fluid\" alt=\"Residence-pedagogique-2023\" width=\"590\" height=\"315\" data-rjs=\"2\"\/>\t\t\t<\/div>\r\n\t\t\t<div class=\"blockContent\">\r\n\t\t\t\t<div class=\"twSubTitle\">VIEW THE ALBUM<\/div>\r\n<h3 class=\"twTitle h3\">\r\n\tPedagogical residences 2023<\/h3>\r\n\r\n\t\t\t\t<div class=\"iconDate\">\r\n\t\t\t\t\t<i class=\"fal fa-calendar-alt\"><\/i> 12 November 2023\t\t\t\t<\/div>\r\n\t\t\t<\/div>\r\n\t\t<\/div>\r\n\t<\/div>\t<div class=\"col-12 col-md-6\">\t\t<div class=\"itemArticle boxRadius20 twAnimate\">\r\n\t\t\t<a href=\"javascript:void(0)\"   data-type=\"photo\" data-id=\"7321\"><\/a>\r\n\t\t\t<div class=\"thumb twAnimate\">\r\n\t\t\t\t<img loading=\"lazy\" decoding=\"async\" src=\"https:\/\/www.lestalenslyriques.com\/wp-content\/uploads\/2025\/06\/visites-590x315.jpg\" class=\"img-fluid\" alt=\"visites\" width=\"590\" height=\"315\" data-rjs=\"2\"\/>\t\t\t<\/div>\r\n\t\t\t<div class=\"blockContent\">\r\n\t\t\t\t<div class=\"twSubTitle\">VIEW THE ALBUM<\/div>\r\n<h3 class=\"twTitle h3\">\r\n\tThematical guided visits<\/h3>\r\n\r\n\t\t\t\t<div class=\"iconDate\">\r\n\t\t\t\t\t<i class=\"fal fa-calendar-alt\"><\/i> 12 November 2023\t\t\t\t<\/div>\r\n\t\t\t<\/div>\r\n\t\t<\/div>\r\n\t<\/div>\t<div class=\"col-12 col-md-6\">\t\t<div class=\"itemArticle boxRadius20 twAnimate\">\r\n\t\t\t<a href=\"javascript:void(0)\"   data-type=\"photo\" data-id=\"7323\"><\/a>\r\n\t\t\t<div class=\"thumb twAnimate\">\r\n\t\t\t\t<img loading=\"lazy\" decoding=\"async\" src=\"https:\/\/www.lestalenslyriques.com\/wp-content\/uploads\/2022\/05\/IMG_1953-scaled-590x315.jpeg\" class=\"img-fluid\" alt=\"IMG_1953\" width=\"590\" height=\"315\" data-rjs=\"2\"\/>\t\t\t<\/div>\r\n\t\t\t<div class=\"blockContent\">\r\n\t\t\t\t<div class=\"twSubTitle\">VIEW THE ALBUM<\/div>\r\n<h3 class=\"twTitle h3\">\r\n\tLes Talens \u00e0 Ivry - de l'\u00e9cole au lyc\u00e9e (2020-2021)<\/h3>\r\n\r\n\t\t\t\t<div class=\"iconDate\">\r\n\t\t\t\t\t<i class=\"fal fa-calendar-alt\"><\/i> 27 May 2022\t\t\t\t<\/div>\r\n\t\t\t<\/div>\r\n\t\t<\/div>\r\n\t<\/div>\t<div class=\"col-12 col-md-6\">\t\t<div class=\"itemArticle boxRadius20 twAnimate\">\r\n\t\t\t<a href=\"javascript:void(0)\"   data-type=\"photo\" data-id=\"7330\"><\/a>\r\n\t\t\t<div class=\"thumb twAnimate\">\r\n\t\t\t\t<img loading=\"lazy\" decoding=\"async\" src=\"https:\/\/www.lestalenslyriques.com\/wp-content\/uploads\/2021\/03\/IMG_9489-scaled-590x315.jpg\" class=\"img-fluid\" alt=\"IMG_9489\" width=\"590\" height=\"315\" data-rjs=\"2\"\/>\t\t\t<\/div>\r\n\t\t\t<div class=\"blockContent\">\r\n\t\t\t\t<div class=\"twSubTitle\">VIEW THE ALBUM<\/div>\r\n<h3 class=\"twTitle h3\">\r\n\tDream of a summer night in Paris<\/h3>\r\n\r\n\t\t\t\t<div class=\"iconDate\">\r\n\t\t\t\t\t<i class=\"fal fa-calendar-alt\"><\/i> 29 March 2021\t\t\t\t<\/div>\r\n\t\t\t<\/div>\r\n\t\t<\/div>\r\n\t<\/div>\t<div class=\"col-12 col-md-6\">\t\t<div class=\"itemArticle boxRadius20 twAnimate\">\r\n\t\t\t<a href=\"javascript:void(0)\"   data-type=\"photo\" data-id=\"7328\"><\/a>\r\n\t\t\t<div class=\"thumb twAnimate\">\r\n\t\t\t\t<img loading=\"lazy\" decoding=\"async\" src=\"https:\/\/www.lestalenslyriques.com\/wp-content\/uploads\/2021\/03\/DSC_0020-scaled-590x315.jpeg\" class=\"img-fluid\" alt=\"DSC_0020\" width=\"590\" height=\"315\" data-rjs=\"2\"\/>\t\t\t<\/div>\r\n\t\t\t<div class=\"blockContent\">\r\n\t\t\t\t<div class=\"twSubTitle\">VIEW THE ALBUM<\/div>\r\n<h3 class=\"twTitle h3\">\r\n\tLe Bourgeois Gentilhomme at Ivry<\/h3>\r\n\r\n\t\t\t\t<div class=\"iconDate\">\r\n\t\t\t\t\t<i class=\"fal fa-calendar-alt\"><\/i> 29 March 2021\t\t\t\t<\/div>\r\n\t\t\t<\/div>\r\n\t\t<\/div>\r\n\t<\/div>\t<div class=\"col-12 col-md-6\">\t\t<div class=\"itemArticle boxRadius20 twAnimate\">\r\n\t\t\t<a href=\"javascript:void(0)\"   data-type=\"photo\" data-id=\"7334\"><\/a>\r\n\t\t\t<div class=\"thumb twAnimate\">\r\n\t\t\t\t<img loading=\"lazy\" decoding=\"async\" src=\"https:\/\/www.lestalenslyriques.com\/wp-content\/uploads\/2020\/11\/Vic_Tone_20191210_45394-scaled-590x315.jpg\" class=\"img-fluid\" alt=\"Concerts participatifs au college Henri Wallon d&#8217;Ivry\" width=\"590\" height=\"315\" data-rjs=\"2\"\/>\t\t\t<\/div>\r\n\t\t\t<div class=\"blockContent\">\r\n\t\t\t\t<div class=\"twSubTitle\">VIEW THE ALBUM<\/div>\r\n<h3 class=\"twTitle h3\">\r\n\tEducational actions 2019<\/h3>\r\n\r\n\t\t\t\t<div class=\"iconDate\">\r\n\t\t\t\t\t<i class=\"fal fa-calendar-alt\"><\/i> 12 November 2020\t\t\t\t<\/div>\r\n\t\t\t<\/div>\r\n\t\t<\/div>\r\n\t<\/div>\t<div class=\"col-12 col-md-6\">\t\t<div class=\"itemArticle boxRadius20 twAnimate\">\r\n\t\t\t<a href=\"javascript:void(0)\"   data-type=\"photo\" data-id=\"7336\"><\/a>\r\n\t\t\t<div class=\"thumb twAnimate\">\r\n\t\t\t\t<img loading=\"lazy\" decoding=\"async\" src=\"https:\/\/www.lestalenslyriques.com\/wp-content\/uploads\/2020\/11\/IMG_7857-scaled-590x315.jpg\" class=\"img-fluid\" alt=\"IMG_7857\" width=\"590\" height=\"315\" data-rjs=\"2\"\/>\t\t\t<\/div>\r\n\t\t\t<div class=\"blockContent\">\r\n\t\t\t\t<div class=\"twSubTitle\">VIEW THE ALBUM<\/div>\r\n<h3 class=\"twTitle h3\">\r\n\tEducational actions 2020<\/h3>\r\n\r\n\t\t\t\t<div class=\"iconDate\">\r\n\t\t\t\t\t<i class=\"fal fa-calendar-alt\"><\/i> 29 March 2019\t\t\t\t<\/div>\r\n\t\t\t<\/div>\r\n\t\t<\/div>\r\n\t<\/div>\t\t\t<\/div>\r\n\r\n<!--\t\t\t--><!--\t\t\t<div class=\"text-center\">-->\r\n<!--\t\t\t\t<a href=\"javascript:void(0);\" class=\"btn style_1 btnLoadMore\" data-maxnum=\"--><!--\">-->\r\n<!--\t\t\t\t\t--><!--\t\t\t\t\t<span class=\"not-loading\"><i class=\"fa fa-spinner fa-spin\"><\/i><\/span>-->\r\n<!--\t\t\t\t<\/a>-->\r\n<!--\t\t\t\t<input type=\"hidden\" name=\"page\" value=\"--><!--\"\/>-->\r\n<!--\t\t\t<\/div>-->\r\n<!---->\r\n<!--\t\t\t-->\t\t<\/div>\r\n\t<\/div>\r\n\t[\/vc_column][\/vc_row]<\/p>\n<\/div>","protected":false},"excerpt":{"rendered":"<p>[vc_row][vc_column][\/vc_column][\/vc_row]<\/p>\n","protected":false},"author":4,"featured_media":5784,"parent":0,"menu_order":0,"comment_status":"closed","ping_status":"closed","template":"","meta":{"_acf_changed":false,"footnotes":""},"class_list":["post-1079","page","type-page","status-publish","has-post-thumbnail","hentry"],"acf":[],"yoast_head":"<!-- This site is optimized with the Yoast SEO plugin v27.6 - https:\/\/yoast.com\/product\/yoast-seo-wordpress\/ -->\n<title>Gallery | Les Talens Lyriques<\/title>\n<meta name=\"robots\" content=\"index, follow, max-snippet:-1, max-image-preview:large, max-video-preview:-1\" \/>\n<link rel=\"canonical\" href=\"https:\/\/www.lestalenslyriques.com\/en\/galerie\/\" \/>\n<meta property=\"og:locale\" content=\"en_US\" \/>\n<meta property=\"og:type\" content=\"article\" \/>\n<meta property=\"og:title\" content=\"Gallery | Les Talens Lyriques\" \/>\n<meta property=\"og:description\" content=\"[vc_row][vc_column][\/vc_column][\/vc_row]\" \/>\n<meta property=\"og:url\" content=\"https:\/\/www.lestalenslyriques.com\/en\/galerie\/\" \/>\n<meta property=\"og:site_name\" content=\"Les Talens Lyriques\" \/>\n<meta property=\"article:modified_time\" content=\"2025-06-20T11:31:11+00:00\" \/>\n<meta property=\"og:image\" content=\"https:\/\/www.lestalenslyriques.com\/wp-content\/uploads\/2025\/05\/Notre-galerie.jpg\" \/>\n\t<meta property=\"og:image:width\" content=\"2560\" \/>\n\t<meta property=\"og:image:height\" content=\"1000\" \/>\n\t<meta property=\"og:image:type\" content=\"image\/jpeg\" \/>\n<meta name=\"twitter:card\" content=\"summary_large_image\" \/>\n<meta name=\"twitter:label1\" content=\"Est. reading time\" \/>\n\t<meta name=\"twitter:data1\" content=\"1 minute\" \/>\n<script type=\"application\/ld+json\" class=\"yoast-schema-graph\">{\"@context\":\"https:\\\/\\\/schema.org\",\"@graph\":[{\"@type\":\"WebPage\",\"@id\":\"https:\\\/\\\/www.lestalenslyriques.com\\\/en\\\/galerie\\\/\",\"url\":\"https:\\\/\\\/www.lestalenslyriques.com\\\/en\\\/galerie\\\/\",\"name\":\"Gallery | Les Talens Lyriques\",\"isPartOf\":{\"@id\":\"https:\\\/\\\/www.lestalenslyriques.com\\\/en\\\/#website\"},\"primaryImageOfPage\":{\"@id\":\"https:\\\/\\\/www.lestalenslyriques.com\\\/en\\\/galerie\\\/#primaryimage\"},\"image\":{\"@id\":\"https:\\\/\\\/www.lestalenslyriques.com\\\/en\\\/galerie\\\/#primaryimage\"},\"thumbnailUrl\":\"https:\\\/\\\/www.lestalenslyriques.com\\\/wp-content\\\/uploads\\\/2025\\\/05\\\/Notre-galerie.jpg\",\"datePublished\":\"2020-11-12T11:00:51+00:00\",\"dateModified\":\"2025-06-20T11:31:11+00:00\",\"breadcrumb\":{\"@id\":\"https:\\\/\\\/www.lestalenslyriques.com\\\/en\\\/galerie\\\/#breadcrumb\"},\"inLanguage\":\"en-US\",\"potentialAction\":[{\"@type\":\"ReadAction\",\"target\":[\"https:\\\/\\\/www.lestalenslyriques.com\\\/en\\\/galerie\\\/\"]}]},{\"@type\":\"ImageObject\",\"inLanguage\":\"en-US\",\"@id\":\"https:\\\/\\\/www.lestalenslyriques.com\\\/en\\\/galerie\\\/#primaryimage\",\"url\":\"https:\\\/\\\/www.lestalenslyriques.com\\\/wp-content\\\/uploads\\\/2025\\\/05\\\/Notre-galerie.jpg\",\"contentUrl\":\"https:\\\/\\\/www.lestalenslyriques.com\\\/wp-content\\\/uploads\\\/2025\\\/05\\\/Notre-galerie.jpg\",\"width\":2560,\"height\":1000},{\"@type\":\"BreadcrumbList\",\"@id\":\"https:\\\/\\\/www.lestalenslyriques.com\\\/en\\\/galerie\\\/#breadcrumb\",\"itemListElement\":[{\"@type\":\"ListItem\",\"position\":1,\"name\":\"Accueil\",\"item\":\"https:\\\/\\\/www.lestalenslyriques.com\\\/en\\\/\"},{\"@type\":\"ListItem\",\"position\":2,\"name\":\"Gallery\"}]},{\"@type\":\"WebSite\",\"@id\":\"https:\\\/\\\/www.lestalenslyriques.com\\\/en\\\/#website\",\"url\":\"https:\\\/\\\/www.lestalenslyriques.com\\\/en\\\/\",\"name\":\"Les Talens Lyriques\",\"description\":\"Christophe Rousset\",\"potentialAction\":[{\"@type\":\"SearchAction\",\"target\":{\"@type\":\"EntryPoint\",\"urlTemplate\":\"https:\\\/\\\/www.lestalenslyriques.com\\\/en\\\/?s={search_term_string}\"},\"query-input\":{\"@type\":\"PropertyValueSpecification\",\"valueRequired\":true,\"valueName\":\"search_term_string\"}}],\"inLanguage\":\"en-US\"}]}<\/script>\n<!-- \/ Yoast SEO plugin. -->","yoast_head_json":{"title":"Gallery | Les Talens Lyriques","robots":{"index":"index","follow":"follow","max-snippet":"max-snippet:-1","max-image-preview":"max-image-preview:large","max-video-preview":"max-video-preview:-1"},"canonical":"https:\/\/www.lestalenslyriques.com\/en\/galerie\/","og_locale":"en_US","og_type":"article","og_title":"Gallery | Les Talens Lyriques","og_description":"[vc_row][vc_column][\/vc_column][\/vc_row]","og_url":"https:\/\/www.lestalenslyriques.com\/en\/galerie\/","og_site_name":"Les Talens Lyriques","article_modified_time":"2025-06-20T11:31:11+00:00","og_image":[{"width":2560,"height":1000,"url":"https:\/\/www.lestalenslyriques.com\/wp-content\/uploads\/2025\/05\/Notre-galerie.jpg","type":"image\/jpeg"}],"twitter_card":"summary_large_image","twitter_misc":{"Est. reading time":"1 minute"},"schema":{"@context":"https:\/\/schema.org","@graph":[{"@type":"WebPage","@id":"https:\/\/www.lestalenslyriques.com\/en\/galerie\/","url":"https:\/\/www.lestalenslyriques.com\/en\/galerie\/","name":"Gallery | Les Talens Lyriques","isPartOf":{"@id":"https:\/\/www.lestalenslyriques.com\/en\/#website"},"primaryImageOfPage":{"@id":"https:\/\/www.lestalenslyriques.com\/en\/galerie\/#primaryimage"},"image":{"@id":"https:\/\/www.lestalenslyriques.com\/en\/galerie\/#primaryimage"},"thumbnailUrl":"https:\/\/www.lestalenslyriques.com\/wp-content\/uploads\/2025\/05\/Notre-galerie.jpg","datePublished":"2020-11-12T11:00:51+00:00","dateModified":"2025-06-20T11:31:11+00:00","breadcrumb":{"@id":"https:\/\/www.lestalenslyriques.com\/en\/galerie\/#breadcrumb"},"inLanguage":"en-US","potentialAction":[{"@type":"ReadAction","target":["https:\/\/www.lestalenslyriques.com\/en\/galerie\/"]}]},{"@type":"ImageObject","inLanguage":"en-US","@id":"https:\/\/www.lestalenslyriques.com\/en\/galerie\/#primaryimage","url":"https:\/\/www.lestalenslyriques.com\/wp-content\/uploads\/2025\/05\/Notre-galerie.jpg","contentUrl":"https:\/\/www.lestalenslyriques.com\/wp-content\/uploads\/2025\/05\/Notre-galerie.jpg","width":2560,"height":1000},{"@type":"BreadcrumbList","@id":"https:\/\/www.lestalenslyriques.com\/en\/galerie\/#breadcrumb","itemListElement":[{"@type":"ListItem","position":1,"name":"Accueil","item":"https:\/\/www.lestalenslyriques.com\/en\/"},{"@type":"ListItem","position":2,"name":"Gallery"}]},{"@type":"WebSite","@id":"https:\/\/www.lestalenslyriques.com\/en\/#website","url":"https:\/\/www.lestalenslyriques.com\/en\/","name":"Les Talens Lyriques","description":"Christophe Rousset","potentialAction":[{"@type":"SearchAction","target":{"@type":"EntryPoint","urlTemplate":"https:\/\/www.lestalenslyriques.com\/en\/?s={search_term_string}"},"query-input":{"@type":"PropertyValueSpecification","valueRequired":true,"valueName":"search_term_string"}}],"inLanguage":"en-US"}]}},"_links":{"self":[{"href":"https:\/\/www.lestalenslyriques.com\/en\/wp-json\/wp\/v2\/pages\/1079","targetHints":{"allow":["GET"]}}],"collection":[{"href":"https:\/\/www.lestalenslyriques.com\/en\/wp-json\/wp\/v2\/pages"}],"about":[{"href":"https:\/\/www.lestalenslyriques.com\/en\/wp-json\/wp\/v2\/types\/page"}],"author":[{"embeddable":true,"href":"https:\/\/www.lestalenslyriques.com\/en\/wp-json\/wp\/v2\/users\/4"}],"replies":[{"embeddable":true,"href":"https:\/\/www.lestalenslyriques.com\/en\/wp-json\/wp\/v2\/comments?post=1079"}],"version-history":[{"count":0,"href":"https:\/\/www.lestalenslyriques.com\/en\/wp-json\/wp\/v2\/pages\/1079\/revisions"}],"wp:featuredmedia":[{"embeddable":true,"href":"https:\/\/www.lestalenslyriques.com\/en\/wp-json\/wp\/v2\/media\/5784"}],"wp:attachment":[{"href":"https:\/\/www.lestalenslyriques.com\/en\/wp-json\/wp\/v2\/media?parent=1079"}],"curies":[{"name":"wp","href":"https:\/\/api.w.org\/{rel}","templated":true}]}}