{"id":1068,"date":"2019-01-27T08:53:02","date_gmt":"2019-01-27T07:53:02","guid":{"rendered":"https:\/\/www.lestalenslyriques.com\/institutionnels\/"},"modified":"2025-06-26T14:51:51","modified_gmt":"2025-06-26T12:51:51","slug":"institutionnels","status":"publish","type":"page","link":"https:\/\/www.lestalenslyriques.com\/en\/institutionnels\/","title":{"rendered":"Institutionals"},"content":{"rendered":"<div class=\"wpb-content-wrapper\"><p>[vc_row full_width=&#8221;stretch_row&#8221; el_class=&#8221;padding150&#8243; css=&#8221;.vc_custom_1748344559106{background-color: #FFFAE8 !important;background-position: 0 0 !important;background-repeat: no-repeat !important;}&#8221;][vc_column]<div class=\"twBlock twImageBlock \">\r\n\t\r\n\r\n\r\n\t<div class=\"row autoHeight\">\r\n\t\t\t\t<div class=\"col-6 col-md-3\">\r\n\t\t\t\t<div class=\"itemBox boxRadius20 text-center\">\r\n\t\t\t\t\t<a href=\"http:\/\/www.culture.gouv.fr\/\" title=\"\" target=\"_blank\"><img loading=\"lazy\" decoding=\"async\" src=\"https:\/\/www.lestalenslyriques.com\/wp-content\/uploads\/2025\/06\/logo_idf@2x-240x150.png\" class=\"img-fluid\" alt=\"logo_idf@2x\" width=\"240\" height=\"150\" data-rjs=\"2\"\/><\/a><div class=\"blockContent\">Les Talens Lyriques receive subsidies by the French Ministry of Culture-DRAC \u00cele-de-France.<\/div>\t\t\t\t<\/div>\r\n\t\t\t<\/div>\r\n\t\t\t\t<div class=\"col-6 col-md-3\">\r\n\t\t\t\t<div class=\"itemBox boxRadius20 text-center\">\r\n\t\t\t\t\t<a href=\"https:\/\/www.paris.fr\/\" title=\"\" target=\"_blank\"><img loading=\"lazy\" decoding=\"async\" src=\"https:\/\/www.lestalenslyriques.com\/wp-content\/uploads\/2025\/06\/logo_paris@2x-240x150.png\" class=\"img-fluid\" alt=\"logo_paris@2x\" width=\"240\" height=\"150\" data-rjs=\"2\"\/><\/a><div class=\"blockContent\">Les Talens Lyriques receive subsidies by the City of Paris.<\/div>\t\t\t\t<\/div>\r\n\t\t\t<\/div>\r\n\t\t\t\t<div class=\"col-6 col-md-3\">\r\n\t\t\t\t<div class=\"itemBox boxRadius20 text-center\">\r\n\t\t\t\t\t<a href=\"https:\/\/www.iledefrance.fr\/\" title=\"\" target=\"_blank\"><img loading=\"lazy\" decoding=\"async\" src=\"https:\/\/www.lestalenslyriques.com\/wp-content\/uploads\/2025\/06\/Design-sans-titre2-240x150.png\" class=\"img-fluid\" alt=\"Design sans titre(2)\" width=\"240\" height=\"150\" data-rjs=\"2\"\/><\/a><div class=\"blockContent\">Les Talens Lyriques' artistic and educational actions receive aid by the Ile-de-France Regional Council.<\/div>\t\t\t\t<\/div>\r\n\t\t\t<\/div>\r\n\t\t\t\t<div class=\"col-6 col-md-3\">\r\n\t\t\t\t<div class=\"itemBox boxRadius20 text-center\">\r\n\t\t\t\t\t<a href=\"https:\/\/www.valdemarne.fr\/le-conseil-departemental\" title=\"\" target=\"_blank\"><img loading=\"lazy\" decoding=\"async\" src=\"https:\/\/www.lestalenslyriques.com\/wp-content\/uploads\/2025\/06\/Design-sans-titre1-2-240x150.png\" class=\"img-fluid\" alt=\"Design sans titre(1)\" width=\"240\" height=\"150\" data-rjs=\"2\"\/><\/a><div class=\"blockContent\">Les Talens Lyriques' artistic and educational actions are aided by the Val-de-Marne County.<\/div>\t\t\t\t<\/div>\r\n\t\t\t<\/div>\r\n\t\t\t\t<div class=\"col-6 col-md-3\">\r\n\t\t\t\t<div class=\"itemBox boxRadius20 text-center\">\r\n\t\t\t\t\t<a href=\"\" title=\"\" target=\"_blank\"><img loading=\"lazy\" decoding=\"async\" src=\"https:\/\/www.lestalenslyriques.com\/wp-content\/uploads\/2025\/06\/Design-sans-titre3-240x150.png\" class=\"img-fluid\" alt=\"Design sans titre(3)\" width=\"240\" height=\"150\" data-rjs=\"2\"\/><\/a><div class=\"blockContent\">Les Talens Lyriques' artistic and educational actions receive help by the city of Valenton's Cit\u00e9 \u00e9ducative.<\/div>\t\t\t\t<\/div>\r\n\t\t\t<\/div>\r\n\t\t\t\t<div class=\"col-6 col-md-3\">\r\n\t\t\t\t<div class=\"itemBox boxRadius20 text-center\">\r\n\t\t\t\t\t<a href=\"https:\/\/www.paris.fr\/pages\/l-art-pour-grandir-2093\" title=\"\" target=\"_blank\"><img loading=\"lazy\" decoding=\"async\" src=\"https:\/\/www.lestalenslyriques.com\/wp-content\/uploads\/2025\/06\/Design-sans-titre-3-240x150.png\" class=\"img-fluid\" alt=\"Design sans titre\" width=\"240\" height=\"150\" data-rjs=\"2\"\/><\/a><div class=\"blockContent\">Les Talens Lyriques' artistic and educational actions are aided by the Art pour Grandir program, provided by the City of Paris.<\/div>\t\t\t\t<\/div>\r\n\t\t\t<\/div>\r\n\t\t\t\t<div class=\"col-6 col-md-3\">\r\n\t\t\t\t<div class=\"itemBox boxRadius20 text-center\">\r\n\t\t\t\t\t<a href=\"https:\/\/anct.gouv.fr\/\" title=\"\" target=\"_blank\"><img loading=\"lazy\" decoding=\"async\" src=\"https:\/\/www.lestalenslyriques.com\/wp-content\/uploads\/2025\/06\/Logo_ANCT-240x150.png\" class=\"img-fluid\" alt=\"Logo_ANCT\" width=\"240\" height=\"150\" data-rjs=\"2\"\/><\/a><div class=\"blockContent\">Our outreach programmes receive support by the national Agency of the territories's cohesion.<\/div>\t\t\t\t<\/div>\r\n\t\t\t<\/div>\r\n\t\t\t\t<div class=\"col-6 col-md-3\">\r\n\t\t\t\t<div class=\"itemBox boxRadius20 text-center\">\r\n\t\t\t\t\t<a href=\"http:\/\/www.ac-creteil.fr\/\" title=\"\" target=\"_blank\"><img loading=\"lazy\" decoding=\"async\" src=\"https:\/\/www.lestalenslyriques.com\/wp-content\/uploads\/2025\/06\/Academie_de_Creteil.svg\" class=\"img-fluid\" alt=\"Acade\u0301mie_de_Cre\u0301teil\" width=\"240\" height=\"150\" data-rjs=\"2\"\/><\/a><div class=\"blockContent\">Les Talens Lyriques' artistic and educational actions are supported by Academy of Cr\u00e9teil.<\/div>\t\t\t\t<\/div>\r\n\t\t\t<\/div>\r\n\t\t\t\t<div class=\"col-6 col-md-3\">\r\n\t\t\t\t<div class=\"itemBox boxRadius20 text-center\">\r\n\t\t\t\t\t<img loading=\"lazy\" decoding=\"async\" src=\"https:\/\/www.lestalenslyriques.com\/wp-content\/uploads\/2025\/06\/2logo_institut-1-240x150.png\" class=\"img-fluid\" alt=\"2logo_institut\" width=\"240\" height=\"150\" data-rjs=\"2\"\/><div class=\"blockContent\">Les Talens Lyriques' international tours are supported by l'Institut Fran\u00e7ais and the City of Paris.<\/div>\t\t\t\t<\/div>\r\n\t\t\t<\/div>\r\n\t\t\t\t<div class=\"col-6 col-md-3\">\r\n\t\t\t\t<div class=\"itemBox boxRadius20 text-center\">\r\n\t\t\t\t\t<a href=\"https:\/\/cnm.fr\/\" title=\"\" target=\"_blank\"><img loading=\"lazy\" decoding=\"async\" src=\"https:\/\/www.lestalenslyriques.com\/wp-content\/uploads\/2025\/06\/Design-sans-titre4-240x150.png\" class=\"img-fluid\" alt=\"Design sans titre(4)\" width=\"240\" height=\"150\" data-rjs=\"2\"\/><\/a><div class=\"blockContent\">Les Talens Lyriques are members of the Centre National de la Musique and receive aid for for their international activities and recording projects.<\/div>\t\t\t\t<\/div>\r\n\t\t\t<\/div>\r\n\t\t\t\t<div class=\"col-6 col-md-3\">\r\n\t\t\t\t<div class=\"itemBox boxRadius20 text-center\">\r\n\t\t\t\t\t<a href=\"https:\/\/www.singer-polignac.org\/\" title=\"\" target=\"_blank\"><img loading=\"lazy\" decoding=\"async\" src=\"https:\/\/www.lestalenslyriques.com\/wp-content\/uploads\/2025\/06\/logo_singer@2x-240x150.png\" class=\"img-fluid\" alt=\"logo_singer@2x\" width=\"240\" height=\"150\" data-rjs=\"2\"\/><\/a><div class=\"blockContent\">Les Talens Lyriques are associated artists, in residence at the Singer-Polignac Foundation in Paris since October 2011.<\/div>\t\t\t\t<\/div>\r\n\t\t\t<\/div>\r\n\t\t\t\t<div class=\"col-6 col-md-3\">\r\n\t\t\t\t<div class=\"itemBox boxRadius20 text-center\">\r\n\t\t\t\t\t<a href=\"https:\/\/www.sceneensemble.com\/\" title=\"\" target=\"_blank\"><img loading=\"lazy\" decoding=\"async\" src=\"https:\/\/www.lestalenslyriques.com\/wp-content\/uploads\/2025\/06\/logo-cmjn-240x150.jpg\" class=\"img-fluid\" alt=\"logo-scene-ensemble\" width=\"240\" height=\"150\" data-rjs=\"2\"\/><\/a><div class=\"blockContent\">Les Talens Lyriques are founding members of Sc\u00e8ne Ensemble (Organisation professionnelle des arts de la repr\u00e9sentation).<\/div>\t\t\t\t<\/div>\r\n\t\t\t<\/div>\r\n\t\t\t\t<div class=\"col-6 col-md-3\">\r\n\t\t\t\t<div class=\"itemBox boxRadius20 text-center\">\r\n\t\t\t\t\t<a href=\"https:\/\/www.fevis.com\/\" title=\"\" target=\"_blank\"><img loading=\"lazy\" decoding=\"async\" src=\"https:\/\/www.lestalenslyriques.com\/wp-content\/uploads\/2025\/06\/logo_fevis@2x-3-240x150.png\" class=\"img-fluid\" alt=\"logo_fevis@2x\" width=\"240\" height=\"150\" data-rjs=\"2\"\/><\/a><div class=\"blockContent\">Les Talens Lyriques are founding members of FEVIS (F\u00e9d\u00e9ration des ensembles vocaux et instrumentaux sp\u00e9cialis\u00e9s).<\/div>\t\t\t\t<\/div>\r\n\t\t\t<\/div>\r\n\t\t\t\t<div class=\"col-6 col-md-3\">\r\n\t\t\t\t<div class=\"itemBox boxRadius20 text-center\">\r\n\t\t\t\t\t<a href=\"https:\/\/arviva.org\/\" title=\"\" target=\"_blank\"><img loading=\"lazy\" decoding=\"async\" src=\"https:\/\/www.lestalenslyriques.com\/wp-content\/uploads\/2025\/06\/logo-arviva.svg\" class=\"img-fluid\" alt=\"logo arviva\" width=\"240\" height=\"150\" data-rjs=\"2\"\/><\/a><div class=\"blockContent\">Les Talens Lyriques is a member of Arviva, which is dedicated to the environmental transformation of the performing arts sector.<\/div>\t\t\t\t<\/div>\r\n\t\t\t<\/div>\r\n\t\t\t\t<div class=\"col-6 col-md-3\">\r\n\t\t\t\t<div class=\"itemBox boxRadius20 text-center\">\r\n\t\t\t\t\t<a href=\"https:\/\/www.rema-eemn.net\/fr\/\" title=\"\" target=\"_blank\"><img loading=\"lazy\" decoding=\"async\" src=\"https:\/\/www.lestalenslyriques.com\/wp-content\/uploads\/2025\/06\/logo_rema@2x-240x150.png\" class=\"img-fluid\" alt=\"logo_rema@2x\" width=\"240\" height=\"150\" data-rjs=\"2\"\/><\/a><div class=\"blockContent\">Les Talens Lyriques are members of the European Early Music Network (EEMN).<\/div>\t\t\t\t<\/div>\r\n\t\t\t<\/div>\r\n\t\t\t\t<div class=\"col-6 col-md-3\">\r\n\t\t\t\t<div class=\"itemBox boxRadius20 text-center\">\r\n\t\t\t\t\t<a href=\"https:\/\/opera-europa.org\/fr\" title=\"\" target=\"_blank\"><img loading=\"lazy\" decoding=\"async\" src=\"https:\/\/www.lestalenslyriques.com\/wp-content\/uploads\/2025\/06\/logo_europa@2x-240x150.png\" class=\"img-fluid\" alt=\"logo_europa@2x\" width=\"240\" height=\"150\" data-rjs=\"2\"\/><\/a><div class=\"blockContent\">Les Talens Lyriques are members of Opera Europa.<\/div>\t\t\t\t<\/div>\r\n\t\t\t<\/div>\r\n\t\t\t\t<div class=\"col-6 col-md-3\">\r\n\t\t\t\t<div class=\"itemBox boxRadius20 text-center\">\r\n\t\t\t\t\t<a href=\"https:\/\/www.reseo.org\/?lang=fr\" title=\"\" target=\"_blank\"><img loading=\"lazy\" decoding=\"async\" src=\"https:\/\/www.lestalenslyriques.com\/wp-content\/uploads\/2025\/06\/logo_reseaod@2x-240x150.png\" class=\"img-fluid\" alt=\"logo_reseaod@2x\" width=\"240\" height=\"150\" data-rjs=\"2\"\/><\/a><div class=\"blockContent\">Les Talens Lyriques are members of Reseo.<\/div>\t\t\t\t<\/div>\r\n\t\t\t<\/div>\r\n\t\t\t\t<div class=\"col-6 col-md-3\">\r\n\t\t\t\t<div class=\"itemBox boxRadius20 text-center\">\r\n\t\t\t\t\t<a href=\"https:\/\/philharmoniedeparis.fr\/fr\/musee-de-la-musique\" title=\"\" target=\"_blank\"><img loading=\"lazy\" decoding=\"async\" src=\"https:\/\/www.lestalenslyriques.com\/wp-content\/uploads\/2025\/06\/logo_philharminue@2x-240x150.png\" class=\"img-fluid\" alt=\"logo_philharminue@2x\" width=\"240\" height=\"150\" data-rjs=\"2\"\/><\/a><div class=\"blockContent\">The Philharmonie de Paris-Mus\u00e9e de la musique is a partner of Les Talens Lyriques' educational and cultural activities.<\/div>\t\t\t\t<\/div>\r\n\t\t\t<\/div>\r\n\t\t\t\t<div class=\"col-6 col-md-3\">\r\n\t\t\t\t<div class=\"itemBox boxRadius20 text-center\">\r\n\t\t\t\t\t<a href=\"https:\/\/www.chateauversailles.fr\/\" title=\"\" target=\"_blank\"><img loading=\"lazy\" decoding=\"async\" src=\"https:\/\/www.lestalenslyriques.com\/wp-content\/uploads\/2025\/06\/logo_versailles@2x-240x150.png\" class=\"img-fluid\" alt=\"logo_versailles@2x\" width=\"240\" height=\"150\" data-rjs=\"2\"\/><\/a><div class=\"blockContent\">The Ch\u00e2teau de Versailles is a partner of Les Talens Lyriques' educational activities programme.<\/div>\t\t\t\t<\/div>\r\n\t\t\t<\/div>\r\n\t\t\t\t<div class=\"col-6 col-md-3\">\r\n\t\t\t\t<div class=\"itemBox boxRadius20 text-center\">\r\n\t\t\t\t\t<a href=\"https:\/\/formations-lettres.sorbonne-universite.fr\/fr\/index\/master-XB\/arts-lettres-langues-ALL\/master-musicologie-mediation-de-la-musique-MMUSI1L_609.html\" title=\"\" target=\"_blank\"><img loading=\"lazy\" decoding=\"async\" src=\"https:\/\/www.lestalenslyriques.com\/wp-content\/uploads\/2025\/06\/lettres-sorbonne-universite1460-240x150.jpg\" class=\"img-fluid\" alt=\"lettres-sorbonne-universite1460\" width=\"240\" height=\"150\" data-rjs=\"2\"\/><\/a><div class=\"blockContent\">Les Talens Lyriques is a partner of the Music Mediation Master's program - Sorbonne University and Sorbonne Nouvelle.<\/div>\t\t\t\t<\/div>\r\n\t\t\t<\/div>\r\n\t\t\t\t<div class=\"col-6 col-md-3\">\r\n\t\t\t\t<div class=\"itemBox boxRadius20 text-center\">\r\n\t\t\t\t\t<a href=\"https:\/\/www.sppf.com\/\" title=\"\" target=\"_blank\"><img loading=\"lazy\" decoding=\"async\" src=\"https:\/\/www.lestalenslyriques.com\/wp-content\/uploads\/2025\/06\/SPPFlogocartouche-scaled-e1750778984398-240x150.png\" class=\"img-fluid\" alt=\"SPPFlogocartouche\" width=\"240\" height=\"150\" data-rjs=\"2\"\/><\/a><div class=\"blockContent\">Les Talens Lyriques is a member of the SPFF.<\/div>\t\t\t\t<\/div>\r\n\t\t\t<\/div>\r\n\t\t<\/div>\t\t\r\n<\/div><div class=\"twButton text-center text-md-center\">\r\n\t<a href=\"https:\/\/www.lestalenslyriques.com\/en\/nous-soutenir\/\" target=\"\" rel=\"\" class=\"btn default\">\r\n\t\tSupporting us\t<\/a>\r\n<\/div>\r\n[\/vc_column][\/vc_row]<\/p>\n<\/div>","protected":false},"excerpt":{"rendered":"<p>[vc_row full_width=&#8221;stretch_row&#8221; el_class=&#8221;padding150&#8243; css=&#8221;.vc_custom_1748344559106{background-color: #FFFAE8 !important;background-position: 0 0 !important;background-repeat: no-repeat !important;}&#8221;][vc_column][\/vc_column][\/vc_row]<\/p>\n","protected":false},"author":4,"featured_media":5693,"parent":0,"menu_order":0,"comment_status":"closed","ping_status":"closed","template":"","meta":{"_acf_changed":false,"footnotes":""},"class_list":["post-1068","page","type-page","status-publish","has-post-thumbnail","hentry"],"acf":[],"yoast_head":"<!-- This site is optimized with the Yoast SEO plugin v27.6 - https:\/\/yoast.com\/product\/yoast-seo-wordpress\/ -->\n<title>Institutionals | Les Talens Lyriques<\/title>\n<meta name=\"robots\" content=\"index, follow, max-snippet:-1, max-image-preview:large, max-video-preview:-1\" \/>\n<link rel=\"canonical\" href=\"https:\/\/www.lestalenslyriques.com\/en\/institutionnels\/\" \/>\n<meta property=\"og:locale\" content=\"en_US\" \/>\n<meta property=\"og:type\" content=\"article\" \/>\n<meta property=\"og:title\" content=\"Institutionals | Les Talens Lyriques\" \/>\n<meta property=\"og:description\" content=\"[vc_row full_width=&#8221;stretch_row&#8221; el_class=&#8221;padding150&#8243; css=&#8221;.vc_custom_1748344559106{background-color: #FFFAE8 !important;background-position: 0 0 !important;background-repeat: no-repeat !important;}&#8221;][vc_column][\/vc_column][\/vc_row]\" \/>\n<meta property=\"og:url\" content=\"https:\/\/www.lestalenslyriques.com\/en\/institutionnels\/\" \/>\n<meta property=\"og:site_name\" content=\"Les Talens Lyriques\" \/>\n<meta property=\"article:modified_time\" content=\"2025-06-26T12:51:51+00:00\" \/>\n<meta property=\"og:image\" content=\"https:\/\/www.lestalenslyriques.com\/wp-content\/uploads\/2025\/05\/partenaires-publics.jpg\" \/>\n\t<meta property=\"og:image:width\" content=\"2560\" \/>\n\t<meta property=\"og:image:height\" content=\"1000\" \/>\n\t<meta property=\"og:image:type\" content=\"image\/jpeg\" \/>\n<meta name=\"twitter:card\" content=\"summary_large_image\" \/>\n<meta name=\"twitter:label1\" content=\"Est. reading time\" \/>\n\t<meta name=\"twitter:data1\" content=\"1 minute\" \/>\n<script type=\"application\/ld+json\" class=\"yoast-schema-graph\">{\"@context\":\"https:\\\/\\\/schema.org\",\"@graph\":[{\"@type\":\"WebPage\",\"@id\":\"https:\\\/\\\/www.lestalenslyriques.com\\\/en\\\/institutionnels\\\/\",\"url\":\"https:\\\/\\\/www.lestalenslyriques.com\\\/en\\\/institutionnels\\\/\",\"name\":\"Institutionals | Les Talens Lyriques\",\"isPartOf\":{\"@id\":\"https:\\\/\\\/www.lestalenslyriques.com\\\/en\\\/#website\"},\"primaryImageOfPage\":{\"@id\":\"https:\\\/\\\/www.lestalenslyriques.com\\\/en\\\/institutionnels\\\/#primaryimage\"},\"image\":{\"@id\":\"https:\\\/\\\/www.lestalenslyriques.com\\\/en\\\/institutionnels\\\/#primaryimage\"},\"thumbnailUrl\":\"https:\\\/\\\/www.lestalenslyriques.com\\\/wp-content\\\/uploads\\\/2025\\\/05\\\/partenaires-publics.jpg\",\"datePublished\":\"2019-01-27T07:53:02+00:00\",\"dateModified\":\"2025-06-26T12:51:51+00:00\",\"breadcrumb\":{\"@id\":\"https:\\\/\\\/www.lestalenslyriques.com\\\/en\\\/institutionnels\\\/#breadcrumb\"},\"inLanguage\":\"en-US\",\"potentialAction\":[{\"@type\":\"ReadAction\",\"target\":[\"https:\\\/\\\/www.lestalenslyriques.com\\\/en\\\/institutionnels\\\/\"]}]},{\"@type\":\"ImageObject\",\"inLanguage\":\"en-US\",\"@id\":\"https:\\\/\\\/www.lestalenslyriques.com\\\/en\\\/institutionnels\\\/#primaryimage\",\"url\":\"https:\\\/\\\/www.lestalenslyriques.com\\\/wp-content\\\/uploads\\\/2025\\\/05\\\/partenaires-publics.jpg\",\"contentUrl\":\"https:\\\/\\\/www.lestalenslyriques.com\\\/wp-content\\\/uploads\\\/2025\\\/05\\\/partenaires-publics.jpg\",\"width\":2560,\"height\":1000},{\"@type\":\"BreadcrumbList\",\"@id\":\"https:\\\/\\\/www.lestalenslyriques.com\\\/en\\\/institutionnels\\\/#breadcrumb\",\"itemListElement\":[{\"@type\":\"ListItem\",\"position\":1,\"name\":\"Accueil\",\"item\":\"https:\\\/\\\/www.lestalenslyriques.com\\\/en\\\/\"},{\"@type\":\"ListItem\",\"position\":2,\"name\":\"Institutionals\"}]},{\"@type\":\"WebSite\",\"@id\":\"https:\\\/\\\/www.lestalenslyriques.com\\\/en\\\/#website\",\"url\":\"https:\\\/\\\/www.lestalenslyriques.com\\\/en\\\/\",\"name\":\"Les Talens Lyriques\",\"description\":\"Christophe Rousset\",\"potentialAction\":[{\"@type\":\"SearchAction\",\"target\":{\"@type\":\"EntryPoint\",\"urlTemplate\":\"https:\\\/\\\/www.lestalenslyriques.com\\\/en\\\/?s={search_term_string}\"},\"query-input\":{\"@type\":\"PropertyValueSpecification\",\"valueRequired\":true,\"valueName\":\"search_term_string\"}}],\"inLanguage\":\"en-US\"}]}<\/script>\n<!-- \/ Yoast SEO plugin. -->","yoast_head_json":{"title":"Institutionals | Les Talens Lyriques","robots":{"index":"index","follow":"follow","max-snippet":"max-snippet:-1","max-image-preview":"max-image-preview:large","max-video-preview":"max-video-preview:-1"},"canonical":"https:\/\/www.lestalenslyriques.com\/en\/institutionnels\/","og_locale":"en_US","og_type":"article","og_title":"Institutionals | Les Talens Lyriques","og_description":"[vc_row full_width=&#8221;stretch_row&#8221; el_class=&#8221;padding150&#8243; css=&#8221;.vc_custom_1748344559106{background-color: #FFFAE8 !important;background-position: 0 0 !important;background-repeat: no-repeat !important;}&#8221;][vc_column][\/vc_column][\/vc_row]","og_url":"https:\/\/www.lestalenslyriques.com\/en\/institutionnels\/","og_site_name":"Les Talens Lyriques","article_modified_time":"2025-06-26T12:51:51+00:00","og_image":[{"width":2560,"height":1000,"url":"https:\/\/www.lestalenslyriques.com\/wp-content\/uploads\/2025\/05\/partenaires-publics.jpg","type":"image\/jpeg"}],"twitter_card":"summary_large_image","twitter_misc":{"Est. reading time":"1 minute"},"schema":{"@context":"https:\/\/schema.org","@graph":[{"@type":"WebPage","@id":"https:\/\/www.lestalenslyriques.com\/en\/institutionnels\/","url":"https:\/\/www.lestalenslyriques.com\/en\/institutionnels\/","name":"Institutionals | Les Talens Lyriques","isPartOf":{"@id":"https:\/\/www.lestalenslyriques.com\/en\/#website"},"primaryImageOfPage":{"@id":"https:\/\/www.lestalenslyriques.com\/en\/institutionnels\/#primaryimage"},"image":{"@id":"https:\/\/www.lestalenslyriques.com\/en\/institutionnels\/#primaryimage"},"thumbnailUrl":"https:\/\/www.lestalenslyriques.com\/wp-content\/uploads\/2025\/05\/partenaires-publics.jpg","datePublished":"2019-01-27T07:53:02+00:00","dateModified":"2025-06-26T12:51:51+00:00","breadcrumb":{"@id":"https:\/\/www.lestalenslyriques.com\/en\/institutionnels\/#breadcrumb"},"inLanguage":"en-US","potentialAction":[{"@type":"ReadAction","target":["https:\/\/www.lestalenslyriques.com\/en\/institutionnels\/"]}]},{"@type":"ImageObject","inLanguage":"en-US","@id":"https:\/\/www.lestalenslyriques.com\/en\/institutionnels\/#primaryimage","url":"https:\/\/www.lestalenslyriques.com\/wp-content\/uploads\/2025\/05\/partenaires-publics.jpg","contentUrl":"https:\/\/www.lestalenslyriques.com\/wp-content\/uploads\/2025\/05\/partenaires-publics.jpg","width":2560,"height":1000},{"@type":"BreadcrumbList","@id":"https:\/\/www.lestalenslyriques.com\/en\/institutionnels\/#breadcrumb","itemListElement":[{"@type":"ListItem","position":1,"name":"Accueil","item":"https:\/\/www.lestalenslyriques.com\/en\/"},{"@type":"ListItem","position":2,"name":"Institutionals"}]},{"@type":"WebSite","@id":"https:\/\/www.lestalenslyriques.com\/en\/#website","url":"https:\/\/www.lestalenslyriques.com\/en\/","name":"Les Talens Lyriques","description":"Christophe Rousset","potentialAction":[{"@type":"SearchAction","target":{"@type":"EntryPoint","urlTemplate":"https:\/\/www.lestalenslyriques.com\/en\/?s={search_term_string}"},"query-input":{"@type":"PropertyValueSpecification","valueRequired":true,"valueName":"search_term_string"}}],"inLanguage":"en-US"}]}},"_links":{"self":[{"href":"https:\/\/www.lestalenslyriques.com\/en\/wp-json\/wp\/v2\/pages\/1068","targetHints":{"allow":["GET"]}}],"collection":[{"href":"https:\/\/www.lestalenslyriques.com\/en\/wp-json\/wp\/v2\/pages"}],"about":[{"href":"https:\/\/www.lestalenslyriques.com\/en\/wp-json\/wp\/v2\/types\/page"}],"author":[{"embeddable":true,"href":"https:\/\/www.lestalenslyriques.com\/en\/wp-json\/wp\/v2\/users\/4"}],"replies":[{"embeddable":true,"href":"https:\/\/www.lestalenslyriques.com\/en\/wp-json\/wp\/v2\/comments?post=1068"}],"version-history":[{"count":0,"href":"https:\/\/www.lestalenslyriques.com\/en\/wp-json\/wp\/v2\/pages\/1068\/revisions"}],"wp:featuredmedia":[{"embeddable":true,"href":"https:\/\/www.lestalenslyriques.com\/en\/wp-json\/wp\/v2\/media\/5693"}],"wp:attachment":[{"href":"https:\/\/www.lestalenslyriques.com\/en\/wp-json\/wp\/v2\/media?parent=1068"}],"curies":[{"name":"wp","href":"https:\/\/api.w.org\/{rel}","templated":true}]}}