{"id":1063,"date":"2019-01-28T07:52:04","date_gmt":"2019-01-28T06:52:04","guid":{"rendered":"https:\/\/www.lestalenslyriques.com\/cercle-des-mecenes\/"},"modified":"2025-10-14T18:38:29","modified_gmt":"2025-10-14T16:38:29","slug":"cercle-des-mecenes","status":"publish","type":"page","link":"https:\/\/www.lestalenslyriques.com\/en\/cercle-des-mecenes\/","title":{"rendered":"Our Circle of Patrons"},"content":{"rendered":"<div class=\"wpb-content-wrapper\"><p>[vc_row el_class=&#8221;padding90&#8243;][vc_column][vc_column_text css=&#8221;&#8221; title=&#8221;Join our Circle of Patrons !&#8221; subtitle=&#8221;Since 2008&#8243; subtitle_color=&#8221;#FDC60D&#8221; link=&#8221;url:https%3A%2F%2Fwww.lestalenslyriques.com%2Fen%2Fnous-soutenir%2F|title:Supporting%20us&#8221; image=&#8221;6898&#8243;]By supporting all our concert and performance activities in France and abroad, you will benefit from exclusive advantages (promotion of your name or image, participation in rehearsals or work sessions with privileged one-on-one meetings, organisation of public relations events, invitation to our annual Cercle evening, etc.), within advantageous tax breaks.[\/vc_column_text][\/vc_column][\/vc_row][vc_row full_width=&#8221;stretch_row&#8221; el_class=&#8221;backgroundGradientEventHome&#8221;][vc_column][vc_row_inner][vc_column_inner width=&#8221;1\/12&#8243;][\/vc_column_inner][vc_column_inner width=&#8221;5\/6&#8243;][vc_column_text css=&#8221;&#8221; title=&#8221;Your advantages&#8221; subtitle=&#8221;Become a member&#8221; subtitle_color=&#8221;#FDC60D&#8221;]By joining Les Talens Lyriques&#8217; Circle of Patrons, individuals actively contribute to the Ensemble\u2019s growth and visibility. These lovers of baroque and lyrical music help to expand our artistic initiatives (concert productions, revival of works, support for international tours), educational projects (outreach activities for young audiences and young talents), and other costs (scores, publishing, etc.).[\/vc_column_text][\/vc_column_inner][vc_column_inner width=&#8221;1\/12&#8243;][\/vc_column_inner][\/vc_row_inner][vc_row_inner el_class=&#8221;autoHeight&#8221;][vc_column_inner width=&#8221;1\/3&#8243;]<div class=\"twBlock twIcon itemBox boxRadius20 twAnimate \">\t\r\n\t<div class=\"thumbs\"><img loading=\"lazy\" decoding=\"async\" src=\"https:\/\/www.lestalenslyriques.com\/wp-content\/uploads\/2025\/05\/start-36x34.png\" class=\"img-fluid\" alt=\"start\" width=\"36\" height=\"34\" data-rjs=\"2\"\/><\/div>\r\n<h3 class=\"twTitle h3\">\r\n\tEnhanced visibility<\/h3>\r\n\r\n\t<div class=\"blockContent\"><p>Mention of the patron&#8217;s name on Les Talens Lyriques&#8217; institutional and promotional communication materials (season brochure, website, etc.).<\/p>\n<p>Mention of the patron&#8217;s name on communication media specific to the project(s) supported (performance programmes; press pack and press release, etc.).<\/p>\n<p>Mention of support from the Cercle des M\u00e9c\u00e8nes on media used by Talens Lyriques&#8217; media partners (Mezzo, etc.).<\/p>\n<\/div>\r\n\t<\/div>\r\n[\/vc_column_inner][vc_column_inner width=&#8221;1\/3&#8243;]<div class=\"twBlock twIcon itemBox boxRadius20 twAnimate \">\t\r\n\t<div class=\"thumbs\"><img loading=\"lazy\" decoding=\"async\" src=\"https:\/\/www.lestalenslyriques.com\/wp-content\/uploads\/2025\/05\/calendar-39x34.png\" class=\"img-fluid\" alt=\"calendar\" width=\"39\" height=\"34\" data-rjs=\"2\"\/><\/div>\r\n<h3 class=\"twTitle h3\">\r\n\tParticipation to unique events<\/h3>\r\n\r\n\t<div class=\"blockContent\"><p>Invitations to performances in the most prestigious concert halls.<\/p>\n<p>Backstage access (rehearsals and work sessions).<\/p>\n<p>An annual evening for members of the Circle of Patrons.<\/p>\n<p>Special meetings with the musicians and our conductor Christophe Rousset.<\/p>\n<\/div>\r\n\t<\/div>\r\n[\/vc_column_inner][vc_column_inner width=&#8221;1\/3&#8243;]<div class=\"twBlock twIcon itemBox boxRadius20 twAnimate \">\t\r\n\t<div class=\"thumbs\"><img loading=\"lazy\" decoding=\"async\" src=\"https:\/\/www.lestalenslyriques.com\/wp-content\/uploads\/2025\/05\/info-34x34.png\" class=\"img-fluid\" alt=\"info\" width=\"34\" height=\"34\" data-rjs=\"2\"\/><\/div>\r\n<h3 class=\"twTitle h3\">\r\n\tPrivileged contact<\/h3>\r\n\r\n\t<div class=\"blockContent\"><p>Regular information, early access and exclusif information on Les Talens Lyriques&#8217;s activites (newsletters, etc.).<\/p>\n<\/div>\r\n\t<\/div>\r\n[\/vc_column_inner][\/vc_row_inner][vc_row_inner][vc_column_inner width=&#8221;1\/12&#8243;][\/vc_column_inner][vc_column_inner width=&#8221;5\/6&#8243;][vc_column_text css=&#8221;&#8221;]<\/p>\n<p data-start=\"104\" data-end=\"307\">In return for their support, patrons may benefit from exclusive tax advantages, in accordance with the French law on patronage (law of the 1st of August 2003 on patronage).<\/p>\n<p data-start=\"309\" data-end=\"525\">For individual donors, the law provides for a tax reduction equal to <strong data-start=\"378\" data-end=\"408\">66% of the donation amount<\/strong>, up to a limit of <strong data-start=\"427\" data-end=\"459\">20% of annual taxable income<\/strong>. Any excess can be carried forward over the following five years.<\/p>\n<p>[\/vc_column_text][\/vc_column_inner][vc_column_inner width=&#8221;1\/12&#8243;][\/vc_column_inner][\/vc_row_inner][\/vc_column][\/vc_row][vc_row content_placement=&#8221;middle&#8221;][vc_column width=&#8221;1\/2&#8243;]<div class=\"twBlock twColumn style_column align-items-center justify-content-center\" style=\"gap: 20px\">\r\n\t<div class=\"twPopup \">\n    <div class=\"text-\">\n        <a href=\"javascript:void(0);\" class=\"btn style_1\" data-fancybox data-src=\"#80c5d86f-15d9-4af4-9fa6-54d2d10a7ee0\">\n            You are an European resident        <\/a>\n    <\/div>\n\n\n\t    <div class=\"blockPopup \" id=\"80c5d86f-15d9-4af4-9fa6-54d2d10a7ee0\">\n        <div class=\"blockContentPopup pb-3\">\n            \r\n<div class=\"twTitle div\">\r\n\tYou are an European resident<\/div>\r\n\r\n<div class=\"blockContent\"><p>Transnational Giving Europe (TGE) is a partnership of leading European foundations and associations that allows you to financially support Les Talens Lyriques while benefiting directly from the tax advantages available under the legislation of your country of residence.<br \/>\nTransnational Giving Europe is a network of prestigious philanthropic institutions collaborating internationally to promote charitable giving across Europe and covers 21 countries : Austria (Stiftung Philanthropie \u00d6sterreich), Belgium (King Baudouin Foundation), Bulgaria (Bcause), Croatia (European Foundation for Philanthropy and Society Development), Estonia (Open Estonia Foundation), France (Fondation de France), Germany (Maecenata Stiftung), Great Britain (CAF \u2013 Charities Aid Foundation), Greece (HIGGS), Hungary (Carpathian Foundation Hungary), Ireland (Community Foundation for Ireland), Italy (Fondazione Lang Europe Onlus), Luxembourg (Fondation de Luxembourg), The Netherlands (Prins Bernhard Cultuurfonds), Poland (Foundation for Poland), Portugal (Fundacao Oriente), Romania (Odorheiu Secuiesc Community Foundation), Slovakia (Carpathian Foundation Slovakia), Slovenia (SKUP Skupnost privatnih zavodov), Spain (Fundaci\u00f3n Empresa y Sociedad), Switzerland (Swiss Philanthropy Foundation).<\/p>\n<\/div>        <\/div>\n    <\/div>\n    <\/div>\n<div class=\"twPopup \">\n    <div class=\"text-\">\n        <a href=\"javascript:void(0);\" class=\"btn style_1\" data-fancybox data-src=\"#5d802be6-83ad-4e45-ad09-beba26b7ce29\">\n            You are an American resident        <\/a>\n    <\/div>\n\n\n\t    <div class=\"blockPopup \" id=\"5d802be6-83ad-4e45-ad09-beba26b7ce29\">\n        <div class=\"blockContentPopup pb-3\">\n            \r\n<div class=\"twTitle div\">\r\n\tYou are a resident of the United States<\/div>\r\n\r\n<div class=\"blockContent\"><p>As a trusted partner and expert in international donations, CAF America allows you to set up a donation plan that fully complies with all regulations, allowing you to donate anywhere in the safest way possible!<br \/>\nAdditionally, by donating through this intermediary, you can claim the appropriate tax deduction! An option not available when donating directly to a foreign charity.<\/p>\n<p>&nbsp;<\/p>\n<\/div>        <\/div>\n    <\/div>\n    <\/div>\n<\/div>[\/vc_column][vc_column width=&#8221;1\/2&#8243;]<div class=\"twBlock twContact boxRadius20 \">\n        <div class=\"twTitle\">\n        For any question, don't hesitate to contact    <\/div>\n    \n        <div class=\"twSubTitle\">\n        Sarah P\u00e9pin    <\/div>\n    \n        <div class=\"blockContent\">\n        <p>Philanthropy and Communications Manager<\/p>\n    <\/div>\n    \n        <ul>\n                <li class=\"email\">\n            <i class=\"fal fa-envelope\"><\/i>\n            <a href=\"mailto:sp@lestalenslyriques.com\" target=\"_blank\">\n                sp@lestalenslyriques.com            <\/a>\n        <\/li>\n        \n                <li class=\"telephone\">\n            <i class=\"fal fa-phone\"><\/i>\n            <a href=\"tel:+33 1 53 46 64 63\" target=\"_blank\">\n                +33 1 53 46 64 63            <\/a>\n        <\/li>\n        \n                <li class=\"mobilephone\">\n            <i class=\"fal fa-mobile-alt\"><\/i>\n            <a href=\"tel:+33 6 99 68 64 63\" target=\"_blank\">\n                +33 6 99 68 64 63            <\/a>\n        <\/li>\n            <\/ul>\n    <\/div>[\/vc_column][\/vc_row][vc_row full_width=&#8221;stretch_row&#8221; el_class=&#8221;padding100&#8243; css=&#8221;.vc_custom_1748577937895{background-color: #FFFAE8 !important;}&#8221;][vc_column width=&#8221;1\/12&#8243;][\/vc_column][vc_column width=&#8221;5\/6&#8243;][vc_row_inner][vc_column_inner]<div class=\"twBlock twTitles text-center text-md-start style-default\">\r\n\t<div class=\"twSubTitle\" style=\"color: #FDC60D;\">Discover our<\/div>\r\n<h2 class=\"twTitle h2\">\r\n\tPrivate partners<\/h2>\r\n\r\n<\/div>\t[\/vc_column_inner][\/vc_row_inner][vc_row_inner][vc_column_inner]<div class=\"twBlock twImageGroup boxRadius20 \">\r\n\t\r\n<h3 class=\"twTitle h3\">\r\n\tGreat Patrons<\/h3>\r\n\r\n\r\n\t<div class=\"row\">\r\n\t\t\t\t<div class=\"col-12 col-md-6 my-3\">\r\n\t\t\t\t<div class=\"thumb boxRadius20\">\r\n\t\t\t\t\t<img loading=\"lazy\" decoding=\"async\" src=\"https:\/\/www.lestalenslyriques.com\/wp-content\/uploads\/2025\/06\/Design-sans-titre2-2-430x129.png\" class=\"img-fluid\" alt=\"Design sans titre(2)\" width=\"430\" height=\"129\" data-rjs=\"2\"\/>\t\t\t\t<\/div>\r\n\t\t\t<\/div>\r\n\t\t\t\t<div class=\"col-12 col-md-6 my-3\">\r\n\t\t\t\t<div class=\"thumb boxRadius20\">\r\n\t\t\t\t\t<img loading=\"lazy\" decoding=\"async\" src=\"https:\/\/www.lestalenslyriques.com\/wp-content\/uploads\/2025\/05\/929912f3eee139bffb00ecb9cd78fbae-430x129.jpg\" class=\"img-fluid\" alt=\"929912f3eee139bffb00ecb9cd78fbae\" width=\"430\" height=\"129\" data-rjs=\"2\"\/>\t\t\t\t<\/div>\r\n\t\t\t<\/div>\r\n\t\t<\/div>\t\t\r\n<\/div>[\/vc_column_inner][\/vc_row_inner][vc_row_inner el_class=&#8221;autoHeight&#8221;][vc_column_inner width=&#8221;1\/3&#8243;]\r\n<div class=\"twBlock twTalensContentList boxRadius20 itemBox\">\r\n\t\t<div class=\"boxContentList\">\r\n\t\t\r\n<h2 class=\"twTitle h2\">\r\n\tAmbassadors<\/h2>\r\n\r\n\r\n\t\t\t\t<div class=\"row\">\r\n\t\t\t\t\t\t<div class=\"col-12 col-md-12\">\r\n\t\t\t\t\t\t\t\t<ul class=\"list-inline\">\r\n\t\t\t\t\t<li>M. Nizam Kettaneh<\/li><li>Mme. Ishtar M\u00e9jan\u00e8s<\/li>\t\t\t\t<\/ul>\r\n\t\t\t\t\t\t\t<\/div>\r\n\t\t\t\t\t<\/div>\r\n\t\t\t<\/div>\r\n\t\t\t\r\n\t<\/div>[\/vc_column_inner][vc_column_inner width=&#8221;2\/3&#8243;]\r\n<div class=\"twBlock twTalensContentList boxRadius20 itemBox hasImage\">\r\n\t\t<div class=\"boxContentList\">\r\n\t\t\r\n<h2 class=\"twTitle h2\">\r\n\tPartners<\/h2>\r\n\r\n\r\n\t\t\t\t<div class=\"row\">\r\n\t\t\t\t\t\t<div class=\"col-12 col-md-12\">\r\n\t\t\t\t\t\t\t\t<ul class=\"list-inline\">\r\n\t\t\t\t\t<li>M. Albert Atti\u00e9<\/li><li>M. Jean Bouquot<\/li>\t\t\t\t<\/ul>\r\n\t\t\t\t\t\t\t<\/div>\r\n\t\t\t\t\t<\/div>\r\n\t\t\t<\/div>\r\n\t\t\t\r\n\t<div class=\"thumb boxRadius20\"><img loading=\"lazy\" decoding=\"async\" src=\"https:\/\/www.lestalenslyriques.com\/wp-content\/uploads\/2025\/06\/Design-sans-titre4-1-181x129.png\" class=\"img-fluid\" alt=\"Design sans titre(4)\" width=\"181\" height=\"129\" data-rjs=\"2\"\/><\/div><\/div>[\/vc_column_inner][\/vc_row_inner][vc_row_inner el_class=&#8221;autoHeight&#8221;][vc_column_inner width=&#8221;2\/3&#8243;]\r\n<div class=\"twBlock twTalensContentList boxRadius20 itemBox\">\r\n\t\t<div class=\"boxContentList\">\r\n\t\t\r\n<h2 class=\"twTitle h2\">\r\n\tSupports<\/h2>\r\n\r\n\r\n\t\t\t\t<div class=\"row\">\r\n\t\t\t\t\t\t<div class=\"col-12 col-md-6\">\r\n\t\t\t\t\t\t\t\t<ul class=\"list-inline\">\r\n\t\t\t\t\t<li>Mme Catherine Bernard<\/li><li>M. Fr\u00e9d\u00e9ric Chassagne<\/li><li>Mme Gis\u00e8le Cro\u00ebs<\/li><li>Mme Pascale Dubois<\/li><li>M. et Mme Wolfram & Ulla Kleinitz<\/li><li>M. et Mme Vincent & Jane Laudinat<\/li><li>M. Martin Meyer<\/li>\t\t\t\t<\/ul>\r\n\t\t\t\t\t\t\t<\/div>\r\n\t\t\t\t\t\t<div class=\"col-12 col-md-6\">\r\n\t\t\t\t\t\t\t\t<ul class=\"list-inline\">\r\n\t\t\t\t\t<li>Mme Gis\u00e8le Navarre<\/li><li>M. et Mme Jean & H\u00e9l\u00e8ne Peters<\/li><li>Mme Sylvie Winckler<\/li><li>M. Patrick Y\u00e8gre<\/li>\t\t\t\t<\/ul>\r\n\t\t\t\t\t\t\t<\/div>\r\n\t\t\t\t\t<\/div>\r\n\t\t\t<\/div>\r\n\t\t\t\r\n\t<\/div>[\/vc_column_inner][vc_column_inner width=&#8221;1\/3&#8243;]\r\n<div class=\"twBlock twTalensContentList boxRadius20 itemBox hasImage vertical\">\r\n\t\t<div class=\"boxContentList\">\r\n\t\t\r\n<h2 class=\"twTitle h2\">\r\n\tPrincipal patron of educational actions<\/h2>\r\n\r\n\r\n\t\t\t<\/div>\r\n\t\t\t\r\n\t<div class=\"thumb boxRadius20\"><img loading=\"lazy\" decoding=\"async\" src=\"https:\/\/www.lestalenslyriques.com\/wp-content\/uploads\/2025\/05\/b20664349095261a1d3776ee6a85c3db-181x129.jpg\" class=\"img-fluid\" alt=\"b20664349095261a1d3776ee6a85c3db\" width=\"181\" height=\"129\" data-rjs=\"2\"\/><\/div><\/div>[\/vc_column_inner][\/vc_row_inner][vc_row_inner el_class=&#8221;autoHeight&#8221;][vc_column_inner]\r\n<div class=\"twBlock twTalensContentList boxRadius20 itemBox\">\r\n\t\t<div class=\"boxContentList\">\r\n\t\t\r\n<h2 class=\"twTitle h2\">\r\n\tAmis<\/h2>\r\n\r\n\r\n\t\t\t\t<div class=\"row\">\r\n\t\t\t\t\t\t<div class=\"col-12 col-md-4\">\r\n\t\t\t\t\t\t\t\t<ul class=\"list-inline\">\r\n\t\t\t\t\t<li>M. Jean Pierre & Mme Annette Aubry<\/li><li>M. Jean Bascou<\/li><li>Mme Claudia Blacque-Belair<\/li><li>M. Pierre Dreyfus & Mme Marie-Christine Dutheillet de Lamothe<\/li><li>M. Ludovic Ferat<\/li><li>Mme Danielle Genat<\/li><li>M. et Mme Fran\u00e7ois & Kessie de Labarthe <\/li>\t\t\t\t<\/ul>\r\n\t\t\t\t\t\t\t<\/div>\r\n\t\t\t\t\t\t<div class=\"col-12 col-md-4\">\r\n\t\t\t\t\t\t\t\t<ul class=\"list-inline\">\r\n\t\t\t\t\t<li>Mme Marie-Th\u00e9r\u00e8se Le Liboux<\/li><li>M. Michael Likierman<\/li><li>M. Jean-Claude Montaigu<\/li><li>M. et Mme J\u00e9r\u00f4me & Emmanuelle Pesqu\u00e9<\/li><li>M. Bertrand Peyret<\/li><li>Mme Nadia Poggi<\/li><li>M. et Mme Laurent & Nadine Raymond<\/li>\t\t\t\t<\/ul>\r\n\t\t\t\t\t\t\t<\/div>\r\n\t\t\t\t\t\t<div class=\"col-12 col-md-4\">\r\n\t\t\t\t\t\t\t\t<ul class=\"list-inline\">\r\n\t\t\t\t\t<li>M. et Mme Bertrand & B\u00e9n\u00e9dicte Richard<\/li><li>M. et Mme Emmanuel & Natacha Rocher<\/li><li>Mme Huguette Serv\u00e6s-Candotti-Besson<\/li><li>M. Beno\u00eet Thivel<\/li><li>M. Mathieu Touzeil-Divina<\/li><li>M. et Mme Florent & Nikita De Vernejoul<\/li><li>Mme Tatiana Wajnberg<\/li><li>M. Alexandre Wauthier & Mme Mai Le Van<\/li>\t\t\t\t<\/ul>\r\n\t\t\t\t\t\t\t<\/div>\r\n\t\t\t\t\t<\/div>\r\n\t\t\t<\/div>\r\n\t\t\t\r\n\t<\/div>[\/vc_column_inner][\/vc_row_inner][\/vc_column][vc_column width=&#8221;1\/12&#8243;][\/vc_column][\/vc_row]<\/p>\n<\/div>","protected":false},"excerpt":{"rendered":"<p>[vc_row el_class=&#8221;padding90&#8243;][vc_column][vc_column_text css=&#8221;&#8221; title=&#8221;Join our Circle of Patrons !&#8221; subtitle=&#8221;Since 2008&#8243; subtitle_color=&#8221;#FDC60D&#8221; link=&#8221;url:https%3A%2F%2Fwww.lestalenslyriques.com%2Fen%2Fnous-soutenir%2F|title:Supporting%20us&#8221; image=&#8221;6898&#8243;]By supporting all our concert and performance activities in France and abroad, you will benefit from exclusive advantages (promotion of your name or image, participation in rehearsals or work sessions with privileged one-on-one meetings, organisation of public relations events, invitation to our [&hellip;]<\/p>\n","protected":false},"author":4,"featured_media":6897,"parent":0,"menu_order":0,"comment_status":"closed","ping_status":"closed","template":"","meta":{"_acf_changed":false,"footnotes":""},"class_list":["post-1063","page","type-page","status-publish","has-post-thumbnail","hentry"],"acf":[],"yoast_head":"<!-- This site is optimized with the Yoast SEO plugin v27.6 - https:\/\/yoast.com\/product\/yoast-seo-wordpress\/ -->\n<title>Our Circle of Patrons | Les Talens Lyriques<\/title>\n<meta name=\"robots\" content=\"index, follow, max-snippet:-1, max-image-preview:large, max-video-preview:-1\" \/>\n<link rel=\"canonical\" href=\"https:\/\/www.lestalenslyriques.com\/en\/cercle-des-mecenes\/\" \/>\n<meta property=\"og:locale\" content=\"en_US\" \/>\n<meta property=\"og:type\" content=\"article\" \/>\n<meta property=\"og:title\" content=\"Our Circle of Patrons | Les Talens Lyriques\" \/>\n<meta property=\"og:description\" content=\"[vc_row el_class=&#8221;padding90&#8243;][vc_column][vc_column_text css=&#8221;&#8221; title=&#8221;Join our Circle of Patrons !&#8221; subtitle=&#8221;Since 2008&#8243; subtitle_color=&#8221;#FDC60D&#8221; link=&#8221;url:https%3A%2F%2Fwww.lestalenslyriques.com%2Fen%2Fnous-soutenir%2F|title:Supporting%20us&#8221; image=&#8221;6898&#8243;]By supporting all our concert and performance activities in France and abroad, you will benefit from exclusive advantages (promotion of your name or image, participation in rehearsals or work sessions with privileged one-on-one meetings, organisation of public relations events, invitation to our [&hellip;]\" \/>\n<meta property=\"og:url\" content=\"https:\/\/www.lestalenslyriques.com\/en\/cercle-des-mecenes\/\" \/>\n<meta property=\"og:site_name\" content=\"Les Talens Lyriques\" \/>\n<meta property=\"article:modified_time\" content=\"2025-10-14T16:38:29+00:00\" \/>\n<meta property=\"og:image\" content=\"https:\/\/www.lestalenslyriques.com\/wp-content\/uploads\/2025\/06\/WhatsApp-Image-2025-01-30-at-13.20.31.jpeg\" \/>\n\t<meta property=\"og:image:width\" content=\"1600\" \/>\n\t<meta property=\"og:image:height\" content=\"602\" \/>\n\t<meta property=\"og:image:type\" content=\"image\/jpeg\" \/>\n<meta name=\"twitter:card\" content=\"summary_large_image\" \/>\n<meta name=\"twitter:label1\" content=\"Est. reading time\" \/>\n\t<meta name=\"twitter:data1\" content=\"5 minutes\" \/>\n<script type=\"application\/ld+json\" class=\"yoast-schema-graph\">{\"@context\":\"https:\\\/\\\/schema.org\",\"@graph\":[{\"@type\":\"WebPage\",\"@id\":\"https:\\\/\\\/www.lestalenslyriques.com\\\/en\\\/cercle-des-mecenes\\\/\",\"url\":\"https:\\\/\\\/www.lestalenslyriques.com\\\/en\\\/cercle-des-mecenes\\\/\",\"name\":\"Our Circle of Patrons | Les Talens Lyriques\",\"isPartOf\":{\"@id\":\"https:\\\/\\\/www.lestalenslyriques.com\\\/en\\\/#website\"},\"primaryImageOfPage\":{\"@id\":\"https:\\\/\\\/www.lestalenslyriques.com\\\/en\\\/cercle-des-mecenes\\\/#primaryimage\"},\"image\":{\"@id\":\"https:\\\/\\\/www.lestalenslyriques.com\\\/en\\\/cercle-des-mecenes\\\/#primaryimage\"},\"thumbnailUrl\":\"https:\\\/\\\/www.lestalenslyriques.com\\\/wp-content\\\/uploads\\\/2025\\\/06\\\/WhatsApp-Image-2025-01-30-at-13.20.31.jpeg\",\"datePublished\":\"2019-01-28T06:52:04+00:00\",\"dateModified\":\"2025-10-14T16:38:29+00:00\",\"breadcrumb\":{\"@id\":\"https:\\\/\\\/www.lestalenslyriques.com\\\/en\\\/cercle-des-mecenes\\\/#breadcrumb\"},\"inLanguage\":\"en-US\",\"potentialAction\":[{\"@type\":\"ReadAction\",\"target\":[\"https:\\\/\\\/www.lestalenslyriques.com\\\/en\\\/cercle-des-mecenes\\\/\"]}]},{\"@type\":\"ImageObject\",\"inLanguage\":\"en-US\",\"@id\":\"https:\\\/\\\/www.lestalenslyriques.com\\\/en\\\/cercle-des-mecenes\\\/#primaryimage\",\"url\":\"https:\\\/\\\/www.lestalenslyriques.com\\\/wp-content\\\/uploads\\\/2025\\\/06\\\/WhatsApp-Image-2025-01-30-at-13.20.31.jpeg\",\"contentUrl\":\"https:\\\/\\\/www.lestalenslyriques.com\\\/wp-content\\\/uploads\\\/2025\\\/06\\\/WhatsApp-Image-2025-01-30-at-13.20.31.jpeg\",\"width\":1600,\"height\":602},{\"@type\":\"BreadcrumbList\",\"@id\":\"https:\\\/\\\/www.lestalenslyriques.com\\\/en\\\/cercle-des-mecenes\\\/#breadcrumb\",\"itemListElement\":[{\"@type\":\"ListItem\",\"position\":1,\"name\":\"Accueil\",\"item\":\"https:\\\/\\\/www.lestalenslyriques.com\\\/en\\\/\"},{\"@type\":\"ListItem\",\"position\":2,\"name\":\"Our Circle of Patrons\"}]},{\"@type\":\"WebSite\",\"@id\":\"https:\\\/\\\/www.lestalenslyriques.com\\\/en\\\/#website\",\"url\":\"https:\\\/\\\/www.lestalenslyriques.com\\\/en\\\/\",\"name\":\"Les Talens Lyriques\",\"description\":\"Christophe Rousset\",\"potentialAction\":[{\"@type\":\"SearchAction\",\"target\":{\"@type\":\"EntryPoint\",\"urlTemplate\":\"https:\\\/\\\/www.lestalenslyriques.com\\\/en\\\/?s={search_term_string}\"},\"query-input\":{\"@type\":\"PropertyValueSpecification\",\"valueRequired\":true,\"valueName\":\"search_term_string\"}}],\"inLanguage\":\"en-US\"}]}<\/script>\n<!-- \/ Yoast SEO plugin. -->","yoast_head_json":{"title":"Our Circle of Patrons | Les Talens Lyriques","robots":{"index":"index","follow":"follow","max-snippet":"max-snippet:-1","max-image-preview":"max-image-preview:large","max-video-preview":"max-video-preview:-1"},"canonical":"https:\/\/www.lestalenslyriques.com\/en\/cercle-des-mecenes\/","og_locale":"en_US","og_type":"article","og_title":"Our Circle of Patrons | Les Talens Lyriques","og_description":"[vc_row el_class=&#8221;padding90&#8243;][vc_column][vc_column_text css=&#8221;&#8221; title=&#8221;Join our Circle of Patrons !&#8221; subtitle=&#8221;Since 2008&#8243; subtitle_color=&#8221;#FDC60D&#8221; link=&#8221;url:https%3A%2F%2Fwww.lestalenslyriques.com%2Fen%2Fnous-soutenir%2F|title:Supporting%20us&#8221; image=&#8221;6898&#8243;]By supporting all our concert and performance activities in France and abroad, you will benefit from exclusive advantages (promotion of your name or image, participation in rehearsals or work sessions with privileged one-on-one meetings, organisation of public relations events, invitation to our [&hellip;]","og_url":"https:\/\/www.lestalenslyriques.com\/en\/cercle-des-mecenes\/","og_site_name":"Les Talens Lyriques","article_modified_time":"2025-10-14T16:38:29+00:00","og_image":[{"width":1600,"height":602,"url":"https:\/\/www.lestalenslyriques.com\/wp-content\/uploads\/2025\/06\/WhatsApp-Image-2025-01-30-at-13.20.31.jpeg","type":"image\/jpeg"}],"twitter_card":"summary_large_image","twitter_misc":{"Est. reading time":"5 minutes"},"schema":{"@context":"https:\/\/schema.org","@graph":[{"@type":"WebPage","@id":"https:\/\/www.lestalenslyriques.com\/en\/cercle-des-mecenes\/","url":"https:\/\/www.lestalenslyriques.com\/en\/cercle-des-mecenes\/","name":"Our Circle of Patrons | Les Talens Lyriques","isPartOf":{"@id":"https:\/\/www.lestalenslyriques.com\/en\/#website"},"primaryImageOfPage":{"@id":"https:\/\/www.lestalenslyriques.com\/en\/cercle-des-mecenes\/#primaryimage"},"image":{"@id":"https:\/\/www.lestalenslyriques.com\/en\/cercle-des-mecenes\/#primaryimage"},"thumbnailUrl":"https:\/\/www.lestalenslyriques.com\/wp-content\/uploads\/2025\/06\/WhatsApp-Image-2025-01-30-at-13.20.31.jpeg","datePublished":"2019-01-28T06:52:04+00:00","dateModified":"2025-10-14T16:38:29+00:00","breadcrumb":{"@id":"https:\/\/www.lestalenslyriques.com\/en\/cercle-des-mecenes\/#breadcrumb"},"inLanguage":"en-US","potentialAction":[{"@type":"ReadAction","target":["https:\/\/www.lestalenslyriques.com\/en\/cercle-des-mecenes\/"]}]},{"@type":"ImageObject","inLanguage":"en-US","@id":"https:\/\/www.lestalenslyriques.com\/en\/cercle-des-mecenes\/#primaryimage","url":"https:\/\/www.lestalenslyriques.com\/wp-content\/uploads\/2025\/06\/WhatsApp-Image-2025-01-30-at-13.20.31.jpeg","contentUrl":"https:\/\/www.lestalenslyriques.com\/wp-content\/uploads\/2025\/06\/WhatsApp-Image-2025-01-30-at-13.20.31.jpeg","width":1600,"height":602},{"@type":"BreadcrumbList","@id":"https:\/\/www.lestalenslyriques.com\/en\/cercle-des-mecenes\/#breadcrumb","itemListElement":[{"@type":"ListItem","position":1,"name":"Accueil","item":"https:\/\/www.lestalenslyriques.com\/en\/"},{"@type":"ListItem","position":2,"name":"Our Circle of Patrons"}]},{"@type":"WebSite","@id":"https:\/\/www.lestalenslyriques.com\/en\/#website","url":"https:\/\/www.lestalenslyriques.com\/en\/","name":"Les Talens Lyriques","description":"Christophe Rousset","potentialAction":[{"@type":"SearchAction","target":{"@type":"EntryPoint","urlTemplate":"https:\/\/www.lestalenslyriques.com\/en\/?s={search_term_string}"},"query-input":{"@type":"PropertyValueSpecification","valueRequired":true,"valueName":"search_term_string"}}],"inLanguage":"en-US"}]}},"_links":{"self":[{"href":"https:\/\/www.lestalenslyriques.com\/en\/wp-json\/wp\/v2\/pages\/1063","targetHints":{"allow":["GET"]}}],"collection":[{"href":"https:\/\/www.lestalenslyriques.com\/en\/wp-json\/wp\/v2\/pages"}],"about":[{"href":"https:\/\/www.lestalenslyriques.com\/en\/wp-json\/wp\/v2\/types\/page"}],"author":[{"embeddable":true,"href":"https:\/\/www.lestalenslyriques.com\/en\/wp-json\/wp\/v2\/users\/4"}],"replies":[{"embeddable":true,"href":"https:\/\/www.lestalenslyriques.com\/en\/wp-json\/wp\/v2\/comments?post=1063"}],"version-history":[{"count":1,"href":"https:\/\/www.lestalenslyriques.com\/en\/wp-json\/wp\/v2\/pages\/1063\/revisions"}],"predecessor-version":[{"id":7829,"href":"https:\/\/www.lestalenslyriques.com\/en\/wp-json\/wp\/v2\/pages\/1063\/revisions\/7829"}],"wp:featuredmedia":[{"embeddable":true,"href":"https:\/\/www.lestalenslyriques.com\/en\/wp-json\/wp\/v2\/media\/6897"}],"wp:attachment":[{"href":"https:\/\/www.lestalenslyriques.com\/en\/wp-json\/wp\/v2\/media?parent=1063"}],"curies":[{"name":"wp","href":"https:\/\/api.w.org\/{rel}","templated":true}]}}