{"id":1051,"date":"2019-02-26T18:22:36","date_gmt":"2019-02-26T17:22:36","guid":{"rendered":"https:\/\/www.lestalenslyriques.com\/mentions-legales\/"},"modified":"2025-06-27T14:25:39","modified_gmt":"2025-06-27T12:25:39","slug":"mentions-legales","status":"publish","type":"page","link":"https:\/\/www.lestalenslyriques.com\/en\/mentions-legales\/","title":{"rendered":"Website policies"},"content":{"rendered":"<div class=\"wpb-content-wrapper\"><p>[vc_row equal_height=&#8221;yes&#8221; content_placement=&#8221;middle&#8221; css=&#8221;.vc_custom_1749033450899{margin-top: 30px !important;}&#8221;][vc_column][vc_empty_space]<div class=\"twBlock twTitles text-center text-md-start style-default\">\r\n\t\r\n<h2 class=\"twTitle h2\">\r\n\tSite Publisher<\/h2>\r\n\r\n<\/div>\t[vc_column_text css=&#8221;&#8221;]Association Ensemble Les Talens Lyriques<br \/>\nHeadquarters : 49, rue de Maubeuge 75009 Paris<br \/>\nTel : +33.1.53.46.64.64<br \/>\n<a href=\"mailto:contact@lestalenslyriques.com\">contact@lestalenslyriques.com<\/a><\/p>\n<p>Photos :<\/p>\n<p>\u00a9 Eric Larrayadieu<br \/>\n\u00a9 Bertrand Pich\u00e8ne[\/vc_column_text][\/vc_column][\/vc_row][vc_row equal_height=&#8221;yes&#8221; content_placement=&#8221;middle&#8221;][vc_column]<div class=\"twBlock twTitles text-center text-md-start style-default\">\r\n\t\r\n<h2 class=\"twTitle h2\">\r\n\tFrench non-profit association (Law 1901)<\/h2>\r\n\r\n<\/div>\t[vc_column_text css=&#8221;&#8221;]EU VAT number : FR45391345832<\/p>\n<p>LICENCE\u00a0:\u00a0 Cat\u00e9gorie 2 n\u00b0 PLATESV-R-2021-012599<\/p>\n<p>Date de r\u00e9c\u00e9piss\u00e9 de 01\/11\/2021[\/vc_column_text][\/vc_column][\/vc_row][vc_row equal_height=&#8221;yes&#8221; content_placement=&#8221;middle&#8221;][vc_column]<div class=\"twBlock twTitles text-center text-md-start style-default\">\r\n\t\r\n<h2 class=\"twTitle h2\">\r\n\tWebsite hosting<\/h2>\r\n\r\n<\/div>\t[vc_column_text css=&#8221;&#8221;]OVH SAS, a simplified joint-stock company with a share capital of 50,000,000 \u20ac<\/p>\n<div id=\"ovh_1cd601c7-113a-4e11-bf7b-d450b39eef57\" class=\"odss-text mb-4 default\">\n<div class=\"otds-text\">\n<p>RCS Lille M\u00e9tropole 424 761 419 00045<br \/>\nNACE code 2620Z<br \/>\nVAT number : FR 22 424 761 419<br \/>\nHeadquarters : 2 rue Kellermann &#8211; 59100 Roubaix &#8211; France<\/p>\n<\/div>\n<\/div>\n<p>[\/vc_column_text][\/vc_column][\/vc_row][vc_row equal_height=&#8221;yes&#8221; content_placement=&#8221;middle&#8221;][vc_column]<div class=\"twBlock twTitles text-center text-md-start style-default\">\r\n\t\r\n<h2 class=\"twTitle h2\">\r\n\tContact the website managers<\/h2>\r\n\r\n<\/div>\t[vc_column_text css=&#8221;&#8221;]You can send comments or suggestions to the site administrators by writing to: <a class=\"cursor-pointer\" rel=\"noopener\" data-start=\"119\" data-end=\"148\">contact@lestalenslyriques.com<\/a>[\/vc_column_text][\/vc_column][\/vc_row][vc_row equal_height=&#8221;yes&#8221; content_placement=&#8221;middle&#8221; el_id=&#8221;rgpd&#8221;][vc_column]<div class=\"twBlock twTitles text-center text-md-start style-default\">\r\n\t\r\n<h2 class=\"twTitle h2\">\r\n\tGDPR<\/h2>\r\n\r\n<\/div>\t[vc_column_text css=&#8221;&#8221;]You can send comments or suggestions to the site administrators by writing to: <a class=\"cursor-pointer\" rel=\"noopener\" data-start=\"119\" data-end=\"148\">contact@lestalenslyriques.com\u00a0<\/a>[\/vc_column_text][\/vc_column][\/vc_row]<\/p>\n<\/div>","protected":false},"excerpt":{"rendered":"<p>[vc_row equal_height=&#8221;yes&#8221; content_placement=&#8221;middle&#8221; css=&#8221;.vc_custom_1749033450899{margin-top: 30px !important;}&#8221;][vc_column][vc_empty_space][vc_column_text css=&#8221;&#8221;]Association Ensemble Les Talens Lyriques Headquarters : 49, rue de Maubeuge 75009 Paris Tel : +33.1.53.46.64.64 contact@lestalenslyriques.com Photos : \u00a9 Eric Larrayadieu \u00a9 Bertrand Pich\u00e8ne[\/vc_column_text][\/vc_column][\/vc_row][vc_row equal_height=&#8221;yes&#8221; content_placement=&#8221;middle&#8221;][vc_column][vc_column_text css=&#8221;&#8221;]EU VAT number : FR45391345832 LICENCE\u00a0:\u00a0 Cat\u00e9gorie 2 n\u00b0 PLATESV-R-2021-012599 Date de r\u00e9c\u00e9piss\u00e9 de 01\/11\/2021[\/vc_column_text][\/vc_column][\/vc_row][vc_row equal_height=&#8221;yes&#8221; content_placement=&#8221;middle&#8221;][vc_column][vc_column_text css=&#8221;&#8221;]OVH SAS, a simplified joint-stock [&hellip;]<\/p>\n","protected":false},"author":4,"featured_media":5853,"parent":0,"menu_order":0,"comment_status":"closed","ping_status":"closed","template":"","meta":{"_acf_changed":false,"footnotes":""},"class_list":["post-1051","page","type-page","status-publish","has-post-thumbnail","hentry"],"acf":[],"yoast_head":"<!-- This site is optimized with the Yoast SEO plugin v27.4 - https:\/\/yoast.com\/product\/yoast-seo-wordpress\/ -->\n<title>Website policies | Les Talens Lyriques<\/title>\n<meta name=\"robots\" content=\"index, follow, max-snippet:-1, max-image-preview:large, max-video-preview:-1\" \/>\n<link rel=\"canonical\" href=\"https:\/\/www.lestalenslyriques.com\/en\/mentions-legales\/\" \/>\n<meta property=\"og:locale\" content=\"en_US\" \/>\n<meta property=\"og:type\" content=\"article\" \/>\n<meta property=\"og:title\" content=\"Website policies | Les Talens Lyriques\" \/>\n<meta property=\"og:description\" content=\"[vc_row equal_height=&#8221;yes&#8221; content_placement=&#8221;middle&#8221; css=&#8221;.vc_custom_1749033450899{margin-top: 30px !important;}&#8221;][vc_column][vc_empty_space][vc_column_text css=&#8221;&#8221;]Association Ensemble Les Talens Lyriques Headquarters : 49, rue de Maubeuge 75009 Paris Tel : +33.1.53.46.64.64 contact@lestalenslyriques.com Photos : \u00a9 Eric Larrayadieu \u00a9 Bertrand Pich\u00e8ne[\/vc_column_text][\/vc_column][\/vc_row][vc_row equal_height=&#8221;yes&#8221; content_placement=&#8221;middle&#8221;][vc_column][vc_column_text css=&#8221;&#8221;]EU VAT number : FR45391345832 LICENCE\u00a0:\u00a0 Cat\u00e9gorie 2 n\u00b0 PLATESV-R-2021-012599 Date de r\u00e9c\u00e9piss\u00e9 de 01\/11\/2021[\/vc_column_text][\/vc_column][\/vc_row][vc_row equal_height=&#8221;yes&#8221; content_placement=&#8221;middle&#8221;][vc_column][vc_column_text css=&#8221;&#8221;]OVH SAS, a simplified joint-stock [&hellip;]\" \/>\n<meta property=\"og:url\" content=\"https:\/\/www.lestalenslyriques.com\/en\/mentions-legales\/\" \/>\n<meta property=\"og:site_name\" content=\"Les Talens Lyriques\" \/>\n<meta property=\"article:modified_time\" content=\"2025-06-27T12:25:39+00:00\" \/>\n<meta property=\"og:image\" content=\"https:\/\/www.lestalenslyriques.com\/wp-content\/uploads\/2025\/06\/VisuelHeader-LesTalensLyriques.jpg\" \/>\n\t<meta property=\"og:image:width\" content=\"2560\" \/>\n\t<meta property=\"og:image:height\" content=\"1000\" \/>\n\t<meta property=\"og:image:type\" content=\"image\/jpeg\" \/>\n<meta name=\"twitter:card\" content=\"summary_large_image\" \/>\n<meta name=\"twitter:label1\" content=\"Est. reading time\" \/>\n\t<meta name=\"twitter:data1\" content=\"1 minute\" \/>\n<script type=\"application\/ld+json\" class=\"yoast-schema-graph\">{\"@context\":\"https:\\\/\\\/schema.org\",\"@graph\":[{\"@type\":\"WebPage\",\"@id\":\"https:\\\/\\\/www.lestalenslyriques.com\\\/en\\\/mentions-legales\\\/\",\"url\":\"https:\\\/\\\/www.lestalenslyriques.com\\\/en\\\/mentions-legales\\\/\",\"name\":\"Website policies | Les Talens Lyriques\",\"isPartOf\":{\"@id\":\"https:\\\/\\\/www.lestalenslyriques.com\\\/en\\\/#website\"},\"primaryImageOfPage\":{\"@id\":\"https:\\\/\\\/www.lestalenslyriques.com\\\/en\\\/mentions-legales\\\/#primaryimage\"},\"image\":{\"@id\":\"https:\\\/\\\/www.lestalenslyriques.com\\\/en\\\/mentions-legales\\\/#primaryimage\"},\"thumbnailUrl\":\"https:\\\/\\\/www.lestalenslyriques.com\\\/wp-content\\\/uploads\\\/2025\\\/06\\\/VisuelHeader-LesTalensLyriques.jpg\",\"datePublished\":\"2019-02-26T17:22:36+00:00\",\"dateModified\":\"2025-06-27T12:25:39+00:00\",\"breadcrumb\":{\"@id\":\"https:\\\/\\\/www.lestalenslyriques.com\\\/en\\\/mentions-legales\\\/#breadcrumb\"},\"inLanguage\":\"en-US\",\"potentialAction\":[{\"@type\":\"ReadAction\",\"target\":[\"https:\\\/\\\/www.lestalenslyriques.com\\\/en\\\/mentions-legales\\\/\"]}]},{\"@type\":\"ImageObject\",\"inLanguage\":\"en-US\",\"@id\":\"https:\\\/\\\/www.lestalenslyriques.com\\\/en\\\/mentions-legales\\\/#primaryimage\",\"url\":\"https:\\\/\\\/www.lestalenslyriques.com\\\/wp-content\\\/uploads\\\/2025\\\/06\\\/VisuelHeader-LesTalensLyriques.jpg\",\"contentUrl\":\"https:\\\/\\\/www.lestalenslyriques.com\\\/wp-content\\\/uploads\\\/2025\\\/06\\\/VisuelHeader-LesTalensLyriques.jpg\",\"width\":2560,\"height\":1000},{\"@type\":\"BreadcrumbList\",\"@id\":\"https:\\\/\\\/www.lestalenslyriques.com\\\/en\\\/mentions-legales\\\/#breadcrumb\",\"itemListElement\":[{\"@type\":\"ListItem\",\"position\":1,\"name\":\"Accueil\",\"item\":\"https:\\\/\\\/www.lestalenslyriques.com\\\/en\\\/\"},{\"@type\":\"ListItem\",\"position\":2,\"name\":\"Website policies\"}]},{\"@type\":\"WebSite\",\"@id\":\"https:\\\/\\\/www.lestalenslyriques.com\\\/en\\\/#website\",\"url\":\"https:\\\/\\\/www.lestalenslyriques.com\\\/en\\\/\",\"name\":\"Les Talens Lyriques\",\"description\":\"Christophe Rousset\",\"potentialAction\":[{\"@type\":\"SearchAction\",\"target\":{\"@type\":\"EntryPoint\",\"urlTemplate\":\"https:\\\/\\\/www.lestalenslyriques.com\\\/en\\\/?s={search_term_string}\"},\"query-input\":{\"@type\":\"PropertyValueSpecification\",\"valueRequired\":true,\"valueName\":\"search_term_string\"}}],\"inLanguage\":\"en-US\"}]}<\/script>\n<!-- \/ Yoast SEO plugin. -->","yoast_head_json":{"title":"Website policies | Les Talens Lyriques","robots":{"index":"index","follow":"follow","max-snippet":"max-snippet:-1","max-image-preview":"max-image-preview:large","max-video-preview":"max-video-preview:-1"},"canonical":"https:\/\/www.lestalenslyriques.com\/en\/mentions-legales\/","og_locale":"en_US","og_type":"article","og_title":"Website policies | Les Talens Lyriques","og_description":"[vc_row equal_height=&#8221;yes&#8221; content_placement=&#8221;middle&#8221; css=&#8221;.vc_custom_1749033450899{margin-top: 30px !important;}&#8221;][vc_column][vc_empty_space][vc_column_text css=&#8221;&#8221;]Association Ensemble Les Talens Lyriques Headquarters : 49, rue de Maubeuge 75009 Paris Tel : +33.1.53.46.64.64 contact@lestalenslyriques.com Photos : \u00a9 Eric Larrayadieu \u00a9 Bertrand Pich\u00e8ne[\/vc_column_text][\/vc_column][\/vc_row][vc_row equal_height=&#8221;yes&#8221; content_placement=&#8221;middle&#8221;][vc_column][vc_column_text css=&#8221;&#8221;]EU VAT number : FR45391345832 LICENCE\u00a0:\u00a0 Cat\u00e9gorie 2 n\u00b0 PLATESV-R-2021-012599 Date de r\u00e9c\u00e9piss\u00e9 de 01\/11\/2021[\/vc_column_text][\/vc_column][\/vc_row][vc_row equal_height=&#8221;yes&#8221; content_placement=&#8221;middle&#8221;][vc_column][vc_column_text css=&#8221;&#8221;]OVH SAS, a simplified joint-stock [&hellip;]","og_url":"https:\/\/www.lestalenslyriques.com\/en\/mentions-legales\/","og_site_name":"Les Talens Lyriques","article_modified_time":"2025-06-27T12:25:39+00:00","og_image":[{"width":2560,"height":1000,"url":"https:\/\/www.lestalenslyriques.com\/wp-content\/uploads\/2025\/06\/VisuelHeader-LesTalensLyriques.jpg","type":"image\/jpeg"}],"twitter_card":"summary_large_image","twitter_misc":{"Est. reading time":"1 minute"},"schema":{"@context":"https:\/\/schema.org","@graph":[{"@type":"WebPage","@id":"https:\/\/www.lestalenslyriques.com\/en\/mentions-legales\/","url":"https:\/\/www.lestalenslyriques.com\/en\/mentions-legales\/","name":"Website policies | Les Talens Lyriques","isPartOf":{"@id":"https:\/\/www.lestalenslyriques.com\/en\/#website"},"primaryImageOfPage":{"@id":"https:\/\/www.lestalenslyriques.com\/en\/mentions-legales\/#primaryimage"},"image":{"@id":"https:\/\/www.lestalenslyriques.com\/en\/mentions-legales\/#primaryimage"},"thumbnailUrl":"https:\/\/www.lestalenslyriques.com\/wp-content\/uploads\/2025\/06\/VisuelHeader-LesTalensLyriques.jpg","datePublished":"2019-02-26T17:22:36+00:00","dateModified":"2025-06-27T12:25:39+00:00","breadcrumb":{"@id":"https:\/\/www.lestalenslyriques.com\/en\/mentions-legales\/#breadcrumb"},"inLanguage":"en-US","potentialAction":[{"@type":"ReadAction","target":["https:\/\/www.lestalenslyriques.com\/en\/mentions-legales\/"]}]},{"@type":"ImageObject","inLanguage":"en-US","@id":"https:\/\/www.lestalenslyriques.com\/en\/mentions-legales\/#primaryimage","url":"https:\/\/www.lestalenslyriques.com\/wp-content\/uploads\/2025\/06\/VisuelHeader-LesTalensLyriques.jpg","contentUrl":"https:\/\/www.lestalenslyriques.com\/wp-content\/uploads\/2025\/06\/VisuelHeader-LesTalensLyriques.jpg","width":2560,"height":1000},{"@type":"BreadcrumbList","@id":"https:\/\/www.lestalenslyriques.com\/en\/mentions-legales\/#breadcrumb","itemListElement":[{"@type":"ListItem","position":1,"name":"Accueil","item":"https:\/\/www.lestalenslyriques.com\/en\/"},{"@type":"ListItem","position":2,"name":"Website policies"}]},{"@type":"WebSite","@id":"https:\/\/www.lestalenslyriques.com\/en\/#website","url":"https:\/\/www.lestalenslyriques.com\/en\/","name":"Les Talens Lyriques","description":"Christophe Rousset","potentialAction":[{"@type":"SearchAction","target":{"@type":"EntryPoint","urlTemplate":"https:\/\/www.lestalenslyriques.com\/en\/?s={search_term_string}"},"query-input":{"@type":"PropertyValueSpecification","valueRequired":true,"valueName":"search_term_string"}}],"inLanguage":"en-US"}]}},"_links":{"self":[{"href":"https:\/\/www.lestalenslyriques.com\/en\/wp-json\/wp\/v2\/pages\/1051","targetHints":{"allow":["GET"]}}],"collection":[{"href":"https:\/\/www.lestalenslyriques.com\/en\/wp-json\/wp\/v2\/pages"}],"about":[{"href":"https:\/\/www.lestalenslyriques.com\/en\/wp-json\/wp\/v2\/types\/page"}],"author":[{"embeddable":true,"href":"https:\/\/www.lestalenslyriques.com\/en\/wp-json\/wp\/v2\/users\/4"}],"replies":[{"embeddable":true,"href":"https:\/\/www.lestalenslyriques.com\/en\/wp-json\/wp\/v2\/comments?post=1051"}],"version-history":[{"count":0,"href":"https:\/\/www.lestalenslyriques.com\/en\/wp-json\/wp\/v2\/pages\/1051\/revisions"}],"wp:featuredmedia":[{"embeddable":true,"href":"https:\/\/www.lestalenslyriques.com\/en\/wp-json\/wp\/v2\/media\/5853"}],"wp:attachment":[{"href":"https:\/\/www.lestalenslyriques.com\/en\/wp-json\/wp\/v2\/media?parent=1051"}],"curies":[{"name":"wp","href":"https:\/\/api.w.org\/{rel}","templated":true}]}}